{"id":12,"date":"2020-05-04T12:06:38","date_gmt":"2020-05-04T10:06:38","guid":{"rendered":"https:\/\/etrofit.ch\/de\/?page_id=12"},"modified":"2020-05-04T23:48:26","modified_gmt":"2020-05-04T21:48:26","slug":"how-it-works","status":"publish","type":"page","link":"https:\/\/etrofit.ch\/de\/how-it-works\/","title":{"rendered":"how-it-works"},"content":{"rendered":"","protected":false},"excerpt":{"rendered":"","protected":false},"author":1,"featured_media":0,"parent":0,"menu_order":0,"comment_status":"closed","ping_status":"closed","template":"","meta":{"_et_pb_use_builder":"off","_et_pb_old_content":"","_et_gb_content_width":"1080","footnotes":""},"class_list":["post-12","page","type-page","status-publish","hentry"],"yoast_head":"<!-- This site is optimized with the Yoast SEO plugin v27.3 - https:\/\/yoast.com\/product\/yoast-seo-wordpress\/ -->\n<title>how-it-works - Etrof IT GmbH<\/title>\n<meta name=\"robots\" content=\"index, follow, max-snippet:-1, max-image-preview:large, max-video-preview:-1\" \/>\n<link rel=\"canonical\" href=\"https:\/\/etrofit.ch\/de\/how-it-works\/\" \/>\n<meta property=\"og:locale\" content=\"de_DE\" \/>\n<meta property=\"og:type\" content=\"article\" \/>\n<meta property=\"og:title\" content=\"how-it-works - Etrof IT GmbH\" \/>\n<meta property=\"og:url\" content=\"https:\/\/etrofit.ch\/de\/how-it-works\/\" \/>\n<meta property=\"og:site_name\" content=\"Etrof IT GmbH\" \/>\n<meta property=\"article:modified_time\" content=\"2020-05-04T21:48:26+00:00\" \/>\n<meta name=\"twitter:card\" content=\"summary_large_image\" \/>\n<script type=\"application\/ld+json\" class=\"yoast-schema-graph\">{\"@context\":\"https:\\\/\\\/schema.org\",\"@graph\":[{\"@type\":\"WebPage\",\"@id\":\"https:\\\/\\\/etrofit.ch\\\/de\\\/how-it-works\\\/\",\"url\":\"https:\\\/\\\/etrofit.ch\\\/de\\\/how-it-works\\\/\",\"name\":\"how-it-works - Etrof IT GmbH\",\"isPartOf\":{\"@id\":\"https:\\\/\\\/etrofit.ch\\\/de\\\/#website\"},\"datePublished\":\"2020-05-04T10:06:38+00:00\",\"dateModified\":\"2020-05-04T21:48:26+00:00\",\"breadcrumb\":{\"@id\":\"https:\\\/\\\/etrofit.ch\\\/de\\\/how-it-works\\\/#breadcrumb\"},\"inLanguage\":\"de\",\"potentialAction\":[{\"@type\":\"ReadAction\",\"target\":[\"https:\\\/\\\/etrofit.ch\\\/de\\\/how-it-works\\\/\"]}]},{\"@type\":\"BreadcrumbList\",\"@id\":\"https:\\\/\\\/etrofit.ch\\\/de\\\/how-it-works\\\/#breadcrumb\",\"itemListElement\":[{\"@type\":\"ListItem\",\"position\":1,\"name\":\"Accueil\",\"item\":\"https:\\\/\\\/etrofit.ch\\\/de\\\/\"},{\"@type\":\"ListItem\",\"position\":2,\"name\":\"how-it-works\"}]},{\"@type\":\"WebSite\",\"@id\":\"https:\\\/\\\/etrofit.ch\\\/de\\\/#website\",\"url\":\"https:\\\/\\\/etrofit.ch\\\/de\\\/\",\"name\":\"Etrof IT GmbH\",\"description\":\"Ein intelligenter \u00dcberblick \u00fcber Ihre mobilen Assets, Fahrer und Fahrzeuge. Behalten Sie Ihr Gesch\u00e4ft im Auge, wo immer Sie sind.\",\"potentialAction\":[{\"@type\":\"SearchAction\",\"target\":{\"@type\":\"EntryPoint\",\"urlTemplate\":\"https:\\\/\\\/etrofit.ch\\\/de\\\/?s={search_term_string}\"},\"query-input\":{\"@type\":\"PropertyValueSpecification\",\"valueRequired\":true,\"valueName\":\"search_term_string\"}}],\"inLanguage\":\"de\"}]}<\/script>\n<!-- \/ Yoast SEO plugin. -->","yoast_head_json":{"title":"how-it-works - Etrof IT GmbH","robots":{"index":"index","follow":"follow","max-snippet":"max-snippet:-1","max-image-preview":"max-image-preview:large","max-video-preview":"max-video-preview:-1"},"canonical":"https:\/\/etrofit.ch\/de\/how-it-works\/","og_locale":"de_DE","og_type":"article","og_title":"how-it-works - Etrof IT GmbH","og_url":"https:\/\/etrofit.ch\/de\/how-it-works\/","og_site_name":"Etrof IT GmbH","article_modified_time":"2020-05-04T21:48:26+00:00","twitter_card":"summary_large_image","schema":{"@context":"https:\/\/schema.org","@graph":[{"@type":"WebPage","@id":"https:\/\/etrofit.ch\/de\/how-it-works\/","url":"https:\/\/etrofit.ch\/de\/how-it-works\/","name":"how-it-works - Etrof IT GmbH","isPartOf":{"@id":"https:\/\/etrofit.ch\/de\/#website"},"datePublished":"2020-05-04T10:06:38+00:00","dateModified":"2020-05-04T21:48:26+00:00","breadcrumb":{"@id":"https:\/\/etrofit.ch\/de\/how-it-works\/#breadcrumb"},"inLanguage":"de","potentialAction":[{"@type":"ReadAction","target":["https:\/\/etrofit.ch\/de\/how-it-works\/"]}]},{"@type":"BreadcrumbList","@id":"https:\/\/etrofit.ch\/de\/how-it-works\/#breadcrumb","itemListElement":[{"@type":"ListItem","position":1,"name":"Accueil","item":"https:\/\/etrofit.ch\/de\/"},{"@type":"ListItem","position":2,"name":"how-it-works"}]},{"@type":"WebSite","@id":"https:\/\/etrofit.ch\/de\/#website","url":"https:\/\/etrofit.ch\/de\/","name":"Etrof IT GmbH","description":"Ein intelligenter \u00dcberblick \u00fcber Ihre mobilen Assets, Fahrer und Fahrzeuge. Behalten Sie Ihr Gesch\u00e4ft im Auge, wo immer Sie sind.","potentialAction":[{"@type":"SearchAction","target":{"@type":"EntryPoint","urlTemplate":"https:\/\/etrofit.ch\/de\/?s={search_term_string}"},"query-input":{"@type":"PropertyValueSpecification","valueRequired":true,"valueName":"search_term_string"}}],"inLanguage":"de"}]}},"_links":{"self":[{"href":"https:\/\/etrofit.ch\/de\/wp-json\/wp\/v2\/pages\/12","targetHints":{"allow":["GET"]}}],"collection":[{"href":"https:\/\/etrofit.ch\/de\/wp-json\/wp\/v2\/pages"}],"about":[{"href":"https:\/\/etrofit.ch\/de\/wp-json\/wp\/v2\/types\/page"}],"author":[{"embeddable":true,"href":"https:\/\/etrofit.ch\/de\/wp-json\/wp\/v2\/users\/1"}],"replies":[{"embeddable":true,"href":"https:\/\/etrofit.ch\/de\/wp-json\/wp\/v2\/comments?post=12"}],"version-history":[{"count":2,"href":"https:\/\/etrofit.ch\/de\/wp-json\/wp\/v2\/pages\/12\/revisions"}],"predecessor-version":[{"id":27,"href":"https:\/\/etrofit.ch\/de\/wp-json\/wp\/v2\/pages\/12\/revisions\/27"}],"wp:attachment":[{"href":"https:\/\/etrofit.ch\/de\/wp-json\/wp\/v2\/media?parent=12"}],"curies":[{"name":"wp","href":"https:\/\/api.w.org\/{rel}","templated":true}]}}