{"id":379,"date":"2022-01-17T14:37:07","date_gmt":"2022-01-17T13:37:07","guid":{"rendered":"https:\/\/etrofit.ch\/de\/?page_id=379"},"modified":"2022-01-17T15:20:20","modified_gmt":"2022-01-17T14:20:20","slug":"ble-beacons","status":"publish","type":"page","link":"https:\/\/etrofit.ch\/de\/ble-beacons\/","title":{"rendered":"BLE Beacons"},"content":{"rendered":"<p>[et_pb_section fb_built=&#8220;1&#8243; _builder_version=&#8220;4.14.5&#8243; _module_preset=&#8220;default&#8220; global_colors_info=&#8220;{}&#8220;][et_pb_row _builder_version=&#8220;4.14.5&#8243; _module_preset=&#8220;default&#8220; global_colors_info=&#8220;{}&#8220;][et_pb_column type=&#8220;4_4&#8243; _builder_version=&#8220;4.14.5&#8243; _module_preset=&#8220;default&#8220; global_colors_info=&#8220;{}&#8220;][et_pb_text _builder_version=&#8220;4.14.5&#8243; _module_preset=&#8220;default&#8220; hover_enabled=&#8220;0&#8243; global_colors_info=&#8220;{}&#8220; sticky_enabled=&#8220;0&#8243;]<\/p>\n<p>Nicht alle Ger\u00e4te k\u00f6nnen mit einem GPS-Sender ausgestattet werden. Dennoch k\u00f6nnen diese Gegenst\u00e4nde und Werkzeuge einfach mit Bluetooth \u201eBLE Beacon\u201c Beacons geortet werden.<\/p>\n<p>Es sind die Fahrzeug-GPS-Tracker und die f\u00fcr Android und iPhone verf\u00fcgbare Anwendung, die die Position der Ger\u00e4te erkennen und senden.<\/p>\n<p>Die verschiedenen Daten dieser Beacons wie Standort, Temperatur, Luftfeuchtigkeit usw. werden problemlos aufgenommen.<\/p>\n<p>Es ist eine kosteng\u00fcnstige und einfach zu implementierende L\u00f6sung.<\/p>\n<p>Viele Hersteller werden bereits in unserer L\u00f6sung unterst\u00fctzt!<\/p>\n<p>Bosch TrackMyTools, Caterpillar Equipment Management, Hilti ON!Track, Milwaukee TICK, STIHL Smart Connector, ELA Innovation, Apple iBeacon, Google Eddystone, Husqvarna Connect.<\/p>\n<p>Da in Zukunft weitere Hersteller BLE-Beacon hinzuf\u00fcgen werden, haben wir unsere Software so entwickelt, dass wir diese jederzeit hinzuf\u00fcgen k\u00f6nnen.<\/p>\n<p>[\/et_pb_text][\/et_pb_column][\/et_pb_row][\/et_pb_section]<\/p>\n","protected":false},"excerpt":{"rendered":"<p>Nicht alle Ger\u00e4te k\u00f6nnen mit einem GPS-Sender ausgestattet werden. Dennoch k\u00f6nnen diese Gegenst\u00e4nde und Werkzeuge einfach mit Bluetooth \u201eBLE Beacon\u201c Beacons geortet werden. Es sind die Fahrzeug-GPS-Tracker und die f\u00fcr Android und iPhone verf\u00fcgbare Anwendung, die die Position der Ger\u00e4te erkennen und senden. Die verschiedenen Daten dieser Beacons wie Standort, Temperatur, Luftfeuchtigkeit usw. werden problemlos [&hellip;]<\/p>\n","protected":false},"author":1,"featured_media":0,"parent":0,"menu_order":0,"comment_status":"closed","ping_status":"closed","template":"","meta":{"_et_pb_use_builder":"on","_et_pb_old_content":"","_et_gb_content_width":"","footnotes":""},"class_list":["post-379","page","type-page","status-publish","hentry"],"yoast_head":"<!-- This site is optimized with the Yoast SEO plugin v27.4 - https:\/\/yoast.com\/product\/yoast-seo-wordpress\/ -->\n<title>BLE Beacons - Etrof IT GmbH<\/title>\n<meta name=\"robots\" content=\"index, follow, max-snippet:-1, max-image-preview:large, max-video-preview:-1\" \/>\n<link rel=\"canonical\" href=\"https:\/\/etrofit.ch\/de\/ble-beacons\/\" \/>\n<meta property=\"og:locale\" content=\"de_DE\" \/>\n<meta property=\"og:type\" content=\"article\" \/>\n<meta property=\"og:title\" content=\"BLE Beacons - Etrof IT GmbH\" \/>\n<meta property=\"og:description\" content=\"Nicht alle Ger\u00e4te k\u00f6nnen mit einem GPS-Sender ausgestattet werden. Dennoch k\u00f6nnen diese Gegenst\u00e4nde und Werkzeuge einfach mit Bluetooth \u201eBLE Beacon\u201c Beacons geortet werden. Es sind die Fahrzeug-GPS-Tracker und die f\u00fcr Android und iPhone verf\u00fcgbare Anwendung, die die Position der Ger\u00e4te erkennen und senden. Die verschiedenen Daten dieser Beacons wie Standort, Temperatur, Luftfeuchtigkeit usw. werden problemlos [&hellip;]\" \/>\n<meta property=\"og:url\" content=\"https:\/\/etrofit.ch\/de\/ble-beacons\/\" \/>\n<meta property=\"og:site_name\" content=\"Etrof IT GmbH\" \/>\n<meta property=\"article:modified_time\" content=\"2022-01-17T14:20:20+00:00\" \/>\n<meta name=\"twitter:card\" content=\"summary_large_image\" \/>\n<script type=\"application\/ld+json\" class=\"yoast-schema-graph\">{\"@context\":\"https:\\\/\\\/schema.org\",\"@graph\":[{\"@type\":\"WebPage\",\"@id\":\"https:\\\/\\\/etrofit.ch\\\/de\\\/ble-beacons\\\/\",\"url\":\"https:\\\/\\\/etrofit.ch\\\/de\\\/ble-beacons\\\/\",\"name\":\"BLE Beacons - Etrof IT GmbH\",\"isPartOf\":{\"@id\":\"https:\\\/\\\/etrofit.ch\\\/de\\\/#website\"},\"datePublished\":\"2022-01-17T13:37:07+00:00\",\"dateModified\":\"2022-01-17T14:20:20+00:00\",\"breadcrumb\":{\"@id\":\"https:\\\/\\\/etrofit.ch\\\/de\\\/ble-beacons\\\/#breadcrumb\"},\"inLanguage\":\"de\",\"potentialAction\":[{\"@type\":\"ReadAction\",\"target\":[\"https:\\\/\\\/etrofit.ch\\\/de\\\/ble-beacons\\\/\"]}]},{\"@type\":\"BreadcrumbList\",\"@id\":\"https:\\\/\\\/etrofit.ch\\\/de\\\/ble-beacons\\\/#breadcrumb\",\"itemListElement\":[{\"@type\":\"ListItem\",\"position\":1,\"name\":\"Accueil\",\"item\":\"https:\\\/\\\/etrofit.ch\\\/de\\\/\"},{\"@type\":\"ListItem\",\"position\":2,\"name\":\"BLE Beacons\"}]},{\"@type\":\"WebSite\",\"@id\":\"https:\\\/\\\/etrofit.ch\\\/de\\\/#website\",\"url\":\"https:\\\/\\\/etrofit.ch\\\/de\\\/\",\"name\":\"Etrof IT GmbH\",\"description\":\"Ein intelligenter \u00dcberblick \u00fcber Ihre mobilen Assets, Fahrer und Fahrzeuge. Behalten Sie Ihr Gesch\u00e4ft im Auge, wo immer Sie sind.\",\"potentialAction\":[{\"@type\":\"SearchAction\",\"target\":{\"@type\":\"EntryPoint\",\"urlTemplate\":\"https:\\\/\\\/etrofit.ch\\\/de\\\/?s={search_term_string}\"},\"query-input\":{\"@type\":\"PropertyValueSpecification\",\"valueRequired\":true,\"valueName\":\"search_term_string\"}}],\"inLanguage\":\"de\"}]}<\/script>\n<!-- \/ Yoast SEO plugin. -->","yoast_head_json":{"title":"BLE Beacons - Etrof IT GmbH","robots":{"index":"index","follow":"follow","max-snippet":"max-snippet:-1","max-image-preview":"max-image-preview:large","max-video-preview":"max-video-preview:-1"},"canonical":"https:\/\/etrofit.ch\/de\/ble-beacons\/","og_locale":"de_DE","og_type":"article","og_title":"BLE Beacons - Etrof IT GmbH","og_description":"Nicht alle Ger\u00e4te k\u00f6nnen mit einem GPS-Sender ausgestattet werden. Dennoch k\u00f6nnen diese Gegenst\u00e4nde und Werkzeuge einfach mit Bluetooth \u201eBLE Beacon\u201c Beacons geortet werden. Es sind die Fahrzeug-GPS-Tracker und die f\u00fcr Android und iPhone verf\u00fcgbare Anwendung, die die Position der Ger\u00e4te erkennen und senden. Die verschiedenen Daten dieser Beacons wie Standort, Temperatur, Luftfeuchtigkeit usw. werden problemlos [&hellip;]","og_url":"https:\/\/etrofit.ch\/de\/ble-beacons\/","og_site_name":"Etrof IT GmbH","article_modified_time":"2022-01-17T14:20:20+00:00","twitter_card":"summary_large_image","schema":{"@context":"https:\/\/schema.org","@graph":[{"@type":"WebPage","@id":"https:\/\/etrofit.ch\/de\/ble-beacons\/","url":"https:\/\/etrofit.ch\/de\/ble-beacons\/","name":"BLE Beacons - Etrof IT GmbH","isPartOf":{"@id":"https:\/\/etrofit.ch\/de\/#website"},"datePublished":"2022-01-17T13:37:07+00:00","dateModified":"2022-01-17T14:20:20+00:00","breadcrumb":{"@id":"https:\/\/etrofit.ch\/de\/ble-beacons\/#breadcrumb"},"inLanguage":"de","potentialAction":[{"@type":"ReadAction","target":["https:\/\/etrofit.ch\/de\/ble-beacons\/"]}]},{"@type":"BreadcrumbList","@id":"https:\/\/etrofit.ch\/de\/ble-beacons\/#breadcrumb","itemListElement":[{"@type":"ListItem","position":1,"name":"Accueil","item":"https:\/\/etrofit.ch\/de\/"},{"@type":"ListItem","position":2,"name":"BLE Beacons"}]},{"@type":"WebSite","@id":"https:\/\/etrofit.ch\/de\/#website","url":"https:\/\/etrofit.ch\/de\/","name":"Etrof IT GmbH","description":"Ein intelligenter \u00dcberblick \u00fcber Ihre mobilen Assets, Fahrer und Fahrzeuge. Behalten Sie Ihr Gesch\u00e4ft im Auge, wo immer Sie sind.","potentialAction":[{"@type":"SearchAction","target":{"@type":"EntryPoint","urlTemplate":"https:\/\/etrofit.ch\/de\/?s={search_term_string}"},"query-input":{"@type":"PropertyValueSpecification","valueRequired":true,"valueName":"search_term_string"}}],"inLanguage":"de"}]}},"_links":{"self":[{"href":"https:\/\/etrofit.ch\/de\/wp-json\/wp\/v2\/pages\/379","targetHints":{"allow":["GET"]}}],"collection":[{"href":"https:\/\/etrofit.ch\/de\/wp-json\/wp\/v2\/pages"}],"about":[{"href":"https:\/\/etrofit.ch\/de\/wp-json\/wp\/v2\/types\/page"}],"author":[{"embeddable":true,"href":"https:\/\/etrofit.ch\/de\/wp-json\/wp\/v2\/users\/1"}],"replies":[{"embeddable":true,"href":"https:\/\/etrofit.ch\/de\/wp-json\/wp\/v2\/comments?post=379"}],"version-history":[{"count":3,"href":"https:\/\/etrofit.ch\/de\/wp-json\/wp\/v2\/pages\/379\/revisions"}],"predecessor-version":[{"id":382,"href":"https:\/\/etrofit.ch\/de\/wp-json\/wp\/v2\/pages\/379\/revisions\/382"}],"wp:attachment":[{"href":"https:\/\/etrofit.ch\/de\/wp-json\/wp\/v2\/media?parent=379"}],"curies":[{"name":"wp","href":"https:\/\/api.w.org\/{rel}","templated":true}]}}