{"id":72,"date":"2021-07-13T09:18:19","date_gmt":"2021-07-13T07:18:19","guid":{"rendered":"https:\/\/etrofit.ch\/de\/?page_id=72"},"modified":"2021-07-13T10:36:10","modified_gmt":"2021-07-13T08:36:10","slug":"plans","status":"publish","type":"page","link":"https:\/\/etrofit.ch\/de\/plans\/","title":{"rendered":"Abonnements"},"content":{"rendered":"<p>[et_pb_section fb_built=&#8220;1&#8243; _builder_version=&#8220;4.4.6&#8243;][et_pb_row _builder_version=&#8220;4.4.6&#8243;][et_pb_column type=&#8220;4_4&#8243; _builder_version=&#8220;4.4.6&#8243;][et_pb_cta title=&#8220;W\u00e4hlen Sie die ideale L\u00f6sung&#8220; button_text=&#8220;Clics&#8220; _builder_version=&#8220;4.9.7&#8243; header_level=&#8220;h1&#8243; header_font=&#8220;|800|||||||&#8220; background_color=&#8220;#0596d4&#8243;]<strong>Unsere L\u00f6sungen passen sich allen Situationen an und richten sich an Einzelpersonen mit einfachen \u00dcberwachungsanforderungen sowie an Unternehmen mit fortgeschrittenen und spezifischen Anforderungen.<\/strong>[\/et_pb_cta][\/et_pb_column][\/et_pb_row][et_pb_row column_structure=&#8220;1_4,1_4,1_4,1_4&#8243; _builder_version=&#8220;4.4.6&#8243; hover_enabled=&#8220;0&#8243; sticky_enabled=&#8220;0&#8243;][et_pb_column type=&#8220;1_4&#8243; _builder_version=&#8220;4.4.6&#8243; animation_style=&#8220;slide&#8220;][et_pb_pricing_tables header_background_color=&#8220;#00c5aa&#8220; show_bullet=&#8220;off&#8220; featured_table_price_background_color=&#8220;#00c5aa&#8220; featured_table_price_color=&#8220;#ffffff&#8220; price_background_color=&#8220;#00c5aa&#8220; _builder_version=&#8220;4.9.7&#8243; currency_frequency_text_color=&#8220;#ffffff&#8220; price_text_color=&#8220;#ffffff&#8220; header_font=&#8220;|800|||||||&#8220; body_line_height=&#8220;1em&#8220; price_font=&#8220;|600|||||||&#8220; custom_button=&#8220;on&#8220; button_text_color=&#8220;#00c5aa&#8220; button_border_color=&#8220;#00c5aa&#8220; hover_enabled=&#8220;0&#8243; border_color_all=&#8220;#00c5aa&#8220; box_shadow_style=&#8220;preset1&#8243; locked=&#8220;off&#8220; sticky_enabled=&#8220;0&#8243;][et_pb_pricing_table title=&#8220;Light&#8220; subtitle=&#8220;Webplattform f\u00fcr einfaches Objekttracking&#8220; currency=&#8220;CHF&#8220; per=&#8220;m.&#8220; sum=&#8220;11&#8243; button_url=&#8220;https:\/\/shop.etrofit.ch\/de\/objektverfolgung\/9-at6-3g.html&#8220; button_text=&#8220;Zum Warenkorb&#8220; _builder_version=&#8220;4.9.7&#8243; hover_enabled=&#8220;0&#8243; sticky_transition=&#8220;on&#8220; sticky_enabled=&#8220;0&#8243;]<\/p>\n<p><strong><span style=\"position: absolute; left: -15px; color: #00c5aa; font-weight: bold;\">\u2713<\/span>M2M SIM-Karte Europa + Schweiz<br \/><span style=\"position: absolute; left: -15px; color: #00c5aa; font-weight: bold;\">\u2713<\/span>Online-Tracking in Echtzeit<br \/><span style=\"position: absolute; left: -15px; color: #00c5aa; font-weight: bold;\">\u2713<\/span>Fernbedienung<br \/><span style=\"position: absolute; left: -15px; color: #00c5aa; font-weight: bold;\">\u2713<\/span>Geofence, avviso di zona geografica<br \/><span style=\"position: absolute; left: -15px; color: #00c5aa; font-weight: bold;\">\u2713<\/span>Interne Batterie\u00fcberwachung<\/strong><br \/><span style=\"position: absolute; left: -15px; color: #00c5aa; font-weight: bold;\">\u2717<\/span>Externe Batterie\u00fcberwachung<br \/><span style=\"position: absolute; left: -15px; color: #00c5aa; font-weight: bold;\">\u2717<\/span>Unfall-\/Ersch\u00fctterungserkennung<br \/><span style=\"position: absolute; left: -15px; color: #00c5aa; font-weight: bold;\">\u2717<\/span>Fahreridentifikation<br \/><span style=\"position: absolute; left: -15px; color: #00c5aa; font-weight: bold;\">\u2717<\/span>ECO Drive-Analyse<br \/><span style=\"position: absolute; left: -15px; color: #00c5aa; font-weight: bold;\">\u2717<\/span>Aufzeichnung von F\u00fchlern: Temperatur, etc.<br \/><span style=\"position: absolute; left: -15px; color: #00c5aa; font-weight: bold;\">\u2717<\/span>OBD2 &amp; CAN Bus: Kraftstoffstand, Motortemperatur, Drehzahl, km\/h, km usw.<\/p>\n<p>[\/et_pb_pricing_table][\/et_pb_pricing_tables][\/et_pb_column][et_pb_column type=&#8220;1_4&#8243; _builder_version=&#8220;4.4.6&#8243; animation_style=&#8220;slide&#8220;][et_pb_pricing_tables header_background_color=&#8220;#22a9ff&#8220; show_bullet=&#8220;off&#8220; featured_table_price_background_color=&#8220;#22a9ff&#8220; featured_table_price_color=&#8220;#ffffff&#8220; price_background_color=&#8220;#22a9ff&#8220; _builder_version=&#8220;4.9.7&#8243; currency_frequency_text_color=&#8220;#ffffff&#8220; price_text_color=&#8220;#ffffff&#8220; header_font=&#8220;|800|||||||&#8220; body_line_height=&#8220;1em&#8220; price_font=&#8220;|600|||||||&#8220; custom_button=&#8220;on&#8220; button_text_color=&#8220;#22a9ff&#8220; button_border_color=&#8220;#22a9ff&#8220; hover_enabled=&#8220;0&#8243; border_color_all=&#8220;#22a9ff&#8220; box_shadow_style=&#8220;preset1&#8243; locked=&#8220;off&#8220; sticky_enabled=&#8220;0&#8243;][et_pb_pricing_table title=&#8220;Standard&#8220; subtitle=&#8220;Webplattform zur einfachen Fahrzeugverfolgung&#8220; currency=&#8220;CHF&#8220; per=&#8220;m.&#8220; sum=&#8220;13&#8243; button_url=&#8220;https:\/\/shop.etrofit.ch\/de\/fahrzeugverfolgung\/12-gt06e-3g.html&#8220; button_text=&#8220;Zum Warenkorb&#8220; _builder_version=&#8220;4.9.7&#8243; hover_enabled=&#8220;0&#8243; sticky_transition=&#8220;on&#8220; sticky_enabled=&#8220;0&#8243;]<\/p>\n<p><strong><span style=\"position: absolute; left: -15px; color: #22a9ff; font-weight: bold;\">\u2713<\/span>M2M SIM-Karte Europa + Schweiz<br \/><span style=\"position: absolute; left: -15px; color: #22a9ff; font-weight: bold;\">\u2713<\/span>Online-Tracking in Echtzeit<br \/><span style=\"position: absolute; left: -15px; color: #22a9ff; font-weight: bold;\">\u2713<\/span>Fernbedienung<br \/><span style=\"position: absolute; left: -15px; color: #22a9ff; font-weight: bold;\">\u2713<\/span>Geofence, avviso di zona geografica<br \/><span style=\"position: absolute; left: -15px; color: #22a9ff; font-weight: bold;\">\u2713<\/span>Interne Batterie\u00fcberwachung<br \/><span style=\"position: absolute; left: -15px; color: #22a9ff; font-weight: bold;\">\u2713<\/span>Externe Batterie\u00fcberwachung<\/strong><br \/><span style=\"position: absolute; left: -15px; color: #22a9ff; font-weight: bold;\">\u2717<\/span>Unfall-\/Ersch\u00fctterungserkennung<br \/><span style=\"position: absolute; left: -15px; color: #22a9ff; font-weight: bold;\">\u2717<\/span>Fahreridentifikation<br \/><span style=\"position: absolute; left: -15px; color: #22a9ff; font-weight: bold;\">\u2717<\/span>ECO Drive-Analyse<br \/><span style=\"position: absolute; left: -15px; color: #22a9ff; font-weight: bold;\">\u2717<\/span>Aufzeichnung von F\u00fchlern: Temperatur, etc.<br \/><span style=\"position: absolute; left: -15px; color: #22a9ff; font-weight: bold;\">\u2717<\/span>OBD2 &amp; CAN Bus: Kraftstoffstand, Motortemperatur, Drehzahl, km\/h, km usw.<\/p>\n<p>[\/et_pb_pricing_table][\/et_pb_pricing_tables][\/et_pb_column][et_pb_column type=&#8220;1_4&#8243; _builder_version=&#8220;4.4.6&#8243; animation_style=&#8220;slide&#8220;][et_pb_pricing_tables header_background_color=&#8220;#ff911e&#8220; show_bullet=&#8220;off&#8220; featured_table_price_background_color=&#8220;#ff911e&#8220; featured_table_price_color=&#8220;#ffffff&#8220; price_background_color=&#8220;#ff911e&#8220; _builder_version=&#8220;4.9.7&#8243; currency_frequency_text_color=&#8220;#ffffff&#8220; price_text_color=&#8220;#ffffff&#8220; header_font=&#8220;|800|||||||&#8220; body_line_height=&#8220;1em&#8220; price_font=&#8220;|600|||||||&#8220; background_color=&#8220;#ffffff&#8220; custom_button=&#8220;on&#8220; button_text_color=&#8220;#ff911e&#8220; button_border_color=&#8220;#ff911e&#8220; hover_enabled=&#8220;0&#8243; border_color_all=&#8220;#ff911e&#8220; box_shadow_style=&#8220;preset1&#8243; locked=&#8220;off&#8220; sticky_enabled=&#8220;0&#8243;][et_pb_pricing_table title=&#8220;Advanced&#8220; subtitle=&#8220;Webplattform f\u00fcr erweiterte Fahrzeugverfolgung&#8220; currency=&#8220;CHF&#8220; per=&#8220;m.&#8220; sum=&#8220;16&#8243; button_url=&#8220;https:\/\/shop.etrofit.ch\/de\/fahrzeugverfolgung\/18-fm-eco4-light-3g-t.html&#8220; button_text=&#8220;Zum Warenkorb&#8220; _builder_version=&#8220;4.9.7&#8243; hover_enabled=&#8220;0&#8243; sticky_transition=&#8220;on&#8220; sticky_enabled=&#8220;0&#8243;]<\/p>\n<p><strong><span style=\"position: absolute; left: -15px; color: #ff911e; font-weight: bold;\">\u2713<\/span>M2M SIM-Karte Europa + Schweiz<br \/><span style=\"position: absolute; left: -15px; color: #ff911e; font-weight: bold;\">\u2713<\/span>Online-Tracking in Echtzeit<br \/><span style=\"position: absolute; left: -15px; color: #ff911e; font-weight: bold;\">\u2713<\/span>Fernbedienung<br \/><span style=\"position: absolute; left: -15px; color: #ff911e; font-weight: bold;\">\u2713<\/span>Geofence, avviso di zona geografica<br \/><span style=\"position: absolute; left: -15px; color: #ff911e; font-weight: bold;\">\u2713<\/span>Interne Batterie\u00fcberwachung<br \/><span style=\"position: absolute; left: -15px; color: #ff911e; font-weight: bold;\">\u2713<\/span>Externe Batterie\u00fcberwachung<br \/><span style=\"position: absolute; left: -15px; color: #ff911e; font-weight: bold;\">\u2713<\/span>Unfall-\/Ersch\u00fctterungserkennung<br \/><span style=\"position: absolute; left: -15px; color: #ff911e; font-weight: bold;\">\u2713<\/span>Fahreridentifikation<br \/><span style=\"position: absolute; left: -15px; color: #ff911e; font-weight: bold;\">\u2713<\/span>ECO Drive-Analyse<br \/><span style=\"position: absolute; left: -15px; color: #ff911e; font-weight: bold;\">\u2713<\/span>Aufzeichnung von F\u00fchlern: Temperatur, etc.<\/strong><br \/><span style=\"position: absolute; left: -15px; color: #ff911e; font-weight: bold;\">\u2717<\/span>OBD2 &amp; CAN Bus: Kraftstoffstand, Motortemperatur, Drehzahl, km\/h, km usw.<\/p>\n<p>[\/et_pb_pricing_table][\/et_pb_pricing_tables][\/et_pb_column][et_pb_column type=&#8220;1_4&#8243; _builder_version=&#8220;4.4.6&#8243; animation_style=&#8220;slide&#8220;][et_pb_pricing_tables header_background_color=&#8220;#f25451&#8243; show_bullet=&#8220;off&#8220; featured_table_price_background_color=&#8220;#f25451&#8243; featured_table_price_color=&#8220;#ffffff&#8220; price_background_color=&#8220;#f25451&#8243; _builder_version=&#8220;4.9.7&#8243; currency_frequency_text_color=&#8220;#ffffff&#8220; price_text_color=&#8220;#ffffff&#8220; header_font=&#8220;|800|||||||&#8220; body_line_height=&#8220;1em&#8220; price_font=&#8220;|600|||||||&#8220; custom_button=&#8220;on&#8220; button_text_color=&#8220;#f25451&#8243; button_border_color=&#8220;#f25451&#8243; hover_enabled=&#8220;0&#8243; border_color_all=&#8220;#f25451&#8243; box_shadow_style=&#8220;preset1&#8243; sticky_enabled=&#8220;0&#8243;][et_pb_pricing_table title=&#8220;Professional&#8220; subtitle=&#8220;Webplattform zur professionellen Fahrzeugortung&#8220; currency=&#8220;CHF&#8220; per=&#8220;m.&#8220; sum=&#8220;19&#8243; button_url=&#8220;https:\/\/shop.etrofit.ch\/de\/fahrzeugverfolgung\/36-traceur-professional-lte.html&#8220; button_text=&#8220;Zum Warenkorb&#8220; _builder_version=&#8220;4.9.7&#8243; hover_enabled=&#8220;0&#8243; sticky_transition=&#8220;on&#8220; sticky_enabled=&#8220;0&#8243;]<\/p>\n<p><strong><span style=\"position: absolute; left: -15px; color: #f25451; font-weight: bold;\">\u2713<\/span>M2M SIM-Karte Europa + Schweiz<br \/><span style=\"position: absolute; left: -15px; color: #f25451; font-weight: bold;\">\u2713<\/span>Online-Tracking in Echtzeit<br \/><span style=\"position: absolute; left: -15px; color: #f25451; font-weight: bold;\">\u2713<\/span>Fernbedienung<br \/><span style=\"position: absolute; left: -15px; color: #f25451; font-weight: bold;\">\u2713<\/span>Geofence, avviso di zona geografica<br \/><span style=\"position: absolute; left: -15px; color: #f25451; font-weight: bold;\">\u2713<\/span>Interne Batterie\u00fcberwachung<br \/><span style=\"position: absolute; left: -15px; color: #f25451; font-weight: bold;\">\u2713<\/span>Externe Batterie\u00fcberwachung<br \/><span style=\"position: absolute; left: -15px; color: #f25451; font-weight: bold;\">\u2713<\/span>Unfall-\/Ersch\u00fctterungserkennung<br \/><span style=\"position: absolute; left: -15px; color: #f25451; font-weight: bold;\">\u2713<\/span>Fahreridentifikation<br \/><span style=\"position: absolute; left: -15px; color: #f25451; font-weight: bold;\">\u2713<\/span>ECO Drive-Analyse<br \/><span style=\"position: absolute; left: -15px; color: #f25451; font-weight: bold;\">\u2713<\/span>Aufzeichnung von F\u00fchlern: Temperatur, etc.<br \/><span style=\"position: absolute; left: -15px; color: #f25451; font-weight: bold;\">\u2713<\/span>OBD2 &amp; CAN Bus: Kraftstoffstand, Motortemperatur, Drehzahl, km\/h, km usw.<\/strong><\/p>\n<p>[\/et_pb_pricing_table][\/et_pb_pricing_tables][\/et_pb_column][\/et_pb_row][et_pb_row _builder_version=&#8220;4.4.6&#8243;][et_pb_column type=&#8220;4_4&#8243; _builder_version=&#8220;4.4.6&#8243;][et_pb_text _builder_version=&#8220;4.9.7&#8243;]<\/p>\n<p style=\"text-align: center;\"><strong>Die angegebenen Preise verstehen sich pro Objekt bzw. Fahrzeug und setzen eine Mindestvertragslaufzeit von 12 Monaten voraus.<\/strong><\/p>\n<p>[\/et_pb_text][\/et_pb_column][\/et_pb_row][et_pb_row _builder_version=&#8220;4.4.6&#8243;][et_pb_column type=&#8220;4_4&#8243; _builder_version=&#8220;4.4.6&#8243;][et_pb_slider show_arrows=&#8220;off&#8220; show_pagination=&#8220;off&#8220; use_bg_overlay=&#8220;on&#8220; bg_overlay_color=&#8220;rgba(0,0,0,0)75&#8243; use_text_overlay=&#8220;on&#8220; text_overlay_color=&#8220;rgba(0,0,0,0.15)&#8220; _builder_version=&#8220;4.9.7&#8243; header_font=&#8220;|800|||||||&#8220; body_font=&#8220;|600|||||||&#8220; custom_button=&#8220;on&#8220; button_bg_color=&#8220;rgba(0,0,0,0.5)&#8220; button_font=&#8220;|700|||||||&#8220;][et_pb_slide heading=&#8220;Wir helfen Ihnen bei der Entscheidung, welche Option f\u00fcr Sie die richtige ist&#8220; button_text=&#8220;Kontaktiere uns&#8220; button_link=&#8220;https:\/\/etrofit.ch\/fr\/contact\/&#8220; _builder_version=&#8220;4.9.7&#8243; header_font=&#8220;|700|||||||&#8220; background_image=&#8220;https:\/\/etrofit.ch\/de\/wp-content\/uploads\/sites\/4\/2021\/07\/banniere_table_decision.png&#8220; background_enable_image=&#8220;on&#8220; sticky_transition=&#8220;on&#8220;]<strong><\/strong><\/p>\n<p><strong><\/strong><\/p>\n<p><strong>Wenn eines der oben genannten Pakete nicht alle Ihre Anforderungen erf\u00fcllt, k\u00f6nnen Ihnen unsere Experten eine ma\u00dfgeschneiderte L\u00f6sung anbieten.<\/strong>[\/et_pb_slide][\/et_pb_slider][\/et_pb_column][\/et_pb_row][\/et_pb_section]<\/p>\n","protected":false},"excerpt":{"rendered":"<p>Unsere L\u00f6sungen passen sich allen Situationen an und richten sich an Einzelpersonen mit einfachen \u00dcberwachungsanforderungen sowie an Unternehmen mit fortgeschrittenen und spezifischen Anforderungen.\u2713M2M SIM-Karte Europa + Schweiz\u2713Online-Tracking in Echtzeit\u2713Fernbedienung\u2713Geofence, avviso di zona geografica\u2713Interne Batterie\u00fcberwachung\u2717Externe Batterie\u00fcberwachung\u2717Unfall-\/Ersch\u00fctterungserkennung\u2717Fahreridentifikation\u2717ECO Drive-Analyse\u2717Aufzeichnung von F\u00fchlern: Temperatur, etc.\u2717OBD2 &amp; CAN Bus: Kraftstoffstand, Motortemperatur, Drehzahl, km\/h, km usw.\u2713M2M SIM-Karte Europa + Schweiz\u2713Online-Tracking in Echtzeit\u2713Fernbedienung\u2713Geofence, [&hellip;]<\/p>\n","protected":false},"author":1,"featured_media":0,"parent":0,"menu_order":0,"comment_status":"closed","ping_status":"closed","template":"","meta":{"_et_pb_use_builder":"on","_et_pb_old_content":"","_et_gb_content_width":"","footnotes":""},"class_list":["post-72","page","type-page","status-publish","hentry"],"yoast_head":"<!-- This site is optimized with the Yoast SEO plugin v27.5 - https:\/\/yoast.com\/product\/yoast-seo-wordpress\/ -->\n<title>Abonnements - Etrof IT GmbH<\/title>\n<meta name=\"robots\" content=\"index, follow, max-snippet:-1, max-image-preview:large, max-video-preview:-1\" \/>\n<link rel=\"canonical\" href=\"https:\/\/etrofit.ch\/de\/plans\/\" \/>\n<meta property=\"og:locale\" content=\"de_DE\" \/>\n<meta property=\"og:type\" content=\"article\" \/>\n<meta property=\"og:title\" content=\"Abonnements - Etrof IT GmbH\" \/>\n<meta property=\"og:description\" content=\"Unsere L\u00f6sungen passen sich allen Situationen an und richten sich an Einzelpersonen mit einfachen \u00dcberwachungsanforderungen sowie an Unternehmen mit fortgeschrittenen und spezifischen Anforderungen.\u2713M2M SIM-Karte Europa + Schweiz\u2713Online-Tracking in Echtzeit\u2713Fernbedienung\u2713Geofence, avviso di zona geografica\u2713Interne Batterie\u00fcberwachung\u2717Externe Batterie\u00fcberwachung\u2717Unfall-\/Ersch\u00fctterungserkennung\u2717Fahreridentifikation\u2717ECO Drive-Analyse\u2717Aufzeichnung von F\u00fchlern: Temperatur, etc.\u2717OBD2 &amp; CAN Bus: Kraftstoffstand, Motortemperatur, Drehzahl, km\/h, km usw.\u2713M2M SIM-Karte Europa + Schweiz\u2713Online-Tracking in Echtzeit\u2713Fernbedienung\u2713Geofence, [&hellip;]\" \/>\n<meta property=\"og:url\" content=\"https:\/\/etrofit.ch\/de\/plans\/\" \/>\n<meta property=\"og:site_name\" content=\"Etrof IT GmbH\" \/>\n<meta property=\"article:modified_time\" content=\"2021-07-13T08:36:10+00:00\" \/>\n<meta name=\"twitter:card\" content=\"summary_large_image\" \/>\n<script type=\"application\/ld+json\" class=\"yoast-schema-graph\">{\"@context\":\"https:\\\/\\\/schema.org\",\"@graph\":[{\"@type\":\"WebPage\",\"@id\":\"https:\\\/\\\/etrofit.ch\\\/de\\\/plans\\\/\",\"url\":\"https:\\\/\\\/etrofit.ch\\\/de\\\/plans\\\/\",\"name\":\"Abonnements - Etrof IT GmbH\",\"isPartOf\":{\"@id\":\"https:\\\/\\\/etrofit.ch\\\/de\\\/#website\"},\"datePublished\":\"2021-07-13T07:18:19+00:00\",\"dateModified\":\"2021-07-13T08:36:10+00:00\",\"breadcrumb\":{\"@id\":\"https:\\\/\\\/etrofit.ch\\\/de\\\/plans\\\/#breadcrumb\"},\"inLanguage\":\"de\",\"potentialAction\":[{\"@type\":\"ReadAction\",\"target\":[\"https:\\\/\\\/etrofit.ch\\\/de\\\/plans\\\/\"]}]},{\"@type\":\"BreadcrumbList\",\"@id\":\"https:\\\/\\\/etrofit.ch\\\/de\\\/plans\\\/#breadcrumb\",\"itemListElement\":[{\"@type\":\"ListItem\",\"position\":1,\"name\":\"Accueil\",\"item\":\"https:\\\/\\\/etrofit.ch\\\/de\\\/\"},{\"@type\":\"ListItem\",\"position\":2,\"name\":\"Abonnements\"}]},{\"@type\":\"WebSite\",\"@id\":\"https:\\\/\\\/etrofit.ch\\\/de\\\/#website\",\"url\":\"https:\\\/\\\/etrofit.ch\\\/de\\\/\",\"name\":\"Etrof IT GmbH\",\"description\":\"Ein intelligenter \u00dcberblick \u00fcber Ihre mobilen Assets, Fahrer und Fahrzeuge. Behalten Sie Ihr Gesch\u00e4ft im Auge, wo immer Sie sind.\",\"potentialAction\":[{\"@type\":\"SearchAction\",\"target\":{\"@type\":\"EntryPoint\",\"urlTemplate\":\"https:\\\/\\\/etrofit.ch\\\/de\\\/?s={search_term_string}\"},\"query-input\":{\"@type\":\"PropertyValueSpecification\",\"valueRequired\":true,\"valueName\":\"search_term_string\"}}],\"inLanguage\":\"de\"}]}<\/script>\n<!-- \/ Yoast SEO plugin. -->","yoast_head_json":{"title":"Abonnements - Etrof IT GmbH","robots":{"index":"index","follow":"follow","max-snippet":"max-snippet:-1","max-image-preview":"max-image-preview:large","max-video-preview":"max-video-preview:-1"},"canonical":"https:\/\/etrofit.ch\/de\/plans\/","og_locale":"de_DE","og_type":"article","og_title":"Abonnements - Etrof IT GmbH","og_description":"Unsere L\u00f6sungen passen sich allen Situationen an und richten sich an Einzelpersonen mit einfachen \u00dcberwachungsanforderungen sowie an Unternehmen mit fortgeschrittenen und spezifischen Anforderungen.\u2713M2M SIM-Karte Europa + Schweiz\u2713Online-Tracking in Echtzeit\u2713Fernbedienung\u2713Geofence, avviso di zona geografica\u2713Interne Batterie\u00fcberwachung\u2717Externe Batterie\u00fcberwachung\u2717Unfall-\/Ersch\u00fctterungserkennung\u2717Fahreridentifikation\u2717ECO Drive-Analyse\u2717Aufzeichnung von F\u00fchlern: Temperatur, etc.\u2717OBD2 &amp; CAN Bus: Kraftstoffstand, Motortemperatur, Drehzahl, km\/h, km usw.\u2713M2M SIM-Karte Europa + Schweiz\u2713Online-Tracking in Echtzeit\u2713Fernbedienung\u2713Geofence, [&hellip;]","og_url":"https:\/\/etrofit.ch\/de\/plans\/","og_site_name":"Etrof IT GmbH","article_modified_time":"2021-07-13T08:36:10+00:00","twitter_card":"summary_large_image","schema":{"@context":"https:\/\/schema.org","@graph":[{"@type":"WebPage","@id":"https:\/\/etrofit.ch\/de\/plans\/","url":"https:\/\/etrofit.ch\/de\/plans\/","name":"Abonnements - Etrof IT GmbH","isPartOf":{"@id":"https:\/\/etrofit.ch\/de\/#website"},"datePublished":"2021-07-13T07:18:19+00:00","dateModified":"2021-07-13T08:36:10+00:00","breadcrumb":{"@id":"https:\/\/etrofit.ch\/de\/plans\/#breadcrumb"},"inLanguage":"de","potentialAction":[{"@type":"ReadAction","target":["https:\/\/etrofit.ch\/de\/plans\/"]}]},{"@type":"BreadcrumbList","@id":"https:\/\/etrofit.ch\/de\/plans\/#breadcrumb","itemListElement":[{"@type":"ListItem","position":1,"name":"Accueil","item":"https:\/\/etrofit.ch\/de\/"},{"@type":"ListItem","position":2,"name":"Abonnements"}]},{"@type":"WebSite","@id":"https:\/\/etrofit.ch\/de\/#website","url":"https:\/\/etrofit.ch\/de\/","name":"Etrof IT GmbH","description":"Ein intelligenter \u00dcberblick \u00fcber Ihre mobilen Assets, Fahrer und Fahrzeuge. Behalten Sie Ihr Gesch\u00e4ft im Auge, wo immer Sie sind.","potentialAction":[{"@type":"SearchAction","target":{"@type":"EntryPoint","urlTemplate":"https:\/\/etrofit.ch\/de\/?s={search_term_string}"},"query-input":{"@type":"PropertyValueSpecification","valueRequired":true,"valueName":"search_term_string"}}],"inLanguage":"de"}]}},"_links":{"self":[{"href":"https:\/\/etrofit.ch\/de\/wp-json\/wp\/v2\/pages\/72","targetHints":{"allow":["GET"]}}],"collection":[{"href":"https:\/\/etrofit.ch\/de\/wp-json\/wp\/v2\/pages"}],"about":[{"href":"https:\/\/etrofit.ch\/de\/wp-json\/wp\/v2\/types\/page"}],"author":[{"embeddable":true,"href":"https:\/\/etrofit.ch\/de\/wp-json\/wp\/v2\/users\/1"}],"replies":[{"embeddable":true,"href":"https:\/\/etrofit.ch\/de\/wp-json\/wp\/v2\/comments?post=72"}],"version-history":[{"count":9,"href":"https:\/\/etrofit.ch\/de\/wp-json\/wp\/v2\/pages\/72\/revisions"}],"predecessor-version":[{"id":364,"href":"https:\/\/etrofit.ch\/de\/wp-json\/wp\/v2\/pages\/72\/revisions\/364"}],"wp:attachment":[{"href":"https:\/\/etrofit.ch\/de\/wp-json\/wp\/v2\/media?parent=72"}],"curies":[{"name":"wp","href":"https:\/\/api.w.org\/{rel}","templated":true}]}}