{"id":8,"date":"2020-05-04T12:05:51","date_gmt":"2020-05-04T10:05:51","guid":{"rendered":"https:\/\/etrofit.ch\/de\/?page_id=8"},"modified":"2021-07-12T16:07:09","modified_gmt":"2021-07-12T14:07:09","slug":"contact","status":"publish","type":"page","link":"https:\/\/etrofit.ch\/de\/contact\/","title":{"rendered":"Contact"},"content":{"rendered":"<p>[et_pb_section fb_built=&#8220;1&#8243; _builder_version=&#8220;4.4.6&#8243;][et_pb_row _builder_version=&#8220;4.4.6&#8243;][et_pb_column type=&#8220;4_4&#8243; _builder_version=&#8220;4.4.6&#8243;][et_pb_map address=&#8220;Avenue du 14-Avril 45, 1020 Renens, Suisse&#8220; address_lat=&#8220;46.5381105&#8243; address_lng=&#8220;6.5847902&#8243; mouse_wheel=&#8220;off&#8220; mobile_dragging=&#8220;off&#8220; _builder_version=&#8220;4.9.7&#8243;][et_pb_map_pin title=&#8220;Etrof IT&#8220; pin_address=&#8220;Avenue du 14-Avril 45, 1020 Renens, Suisse&#8220; pin_address_lat=&#8220;46.5381105&#8243; pin_address_lng=&#8220;6.5847902&#8243; _builder_version=&#8220;4.9.7&#8243;]<\/p>\n<p>Etrof IT<br \/>Forte Gr\u00e9gory<br \/>Avenue du 14 Avril 45<br \/>1020 Renens<br \/>Suisse<\/p>\n<p>[\/et_pb_map_pin][\/et_pb_map][\/et_pb_column][\/et_pb_row][et_pb_row _builder_version=&#8220;4.4.6&#8243;][et_pb_column type=&#8220;4_4&#8243; _builder_version=&#8220;4.4.6&#8243;][et_pb_text _builder_version=&#8220;4.4.6&#8243;]<\/p>\n<h1>Kontaktieren Sie uns.<\/h1>\n<p>F\u00fcllen Sie einfach das Formular aus und senden Sie es ab. Es kann ein paar Tage dauern, bis wir uns bei Ihnen melden.<\/p>\n<p>[\/et_pb_text][\/et_pb_column][\/et_pb_row][et_pb_row _builder_version=&#8220;4.4.6&#8243;][et_pb_column type=&#8220;4_4&#8243; _builder_version=&#8220;4.4.6&#8243;][et_pb_contact_form use_spam_service=&#8220;on&#8220; recaptcha_list=&#8220;Etrof IT &#8211; WordPress-0&#8243; email=&#8220;info@etrofit.ch&#8220; success_message=&#8220;Vielen Dank f\u00fcr Ihre Geduld.&#8220; submit_button_text=&#8220;Senden&#8220; _builder_version=&#8220;4.9.7&#8243; hover_enabled=&#8220;0&#8243; custom_message=&#8220;Nouvelle demande de contact !||et_pb_line_break_holder||||et_pb_line_break_holder||Type de client : %%customer-type%%||et_pb_line_break_holder||Nom de l&#8217;entreprise : %%company-name%%||et_pb_line_break_holder||Contact r\u00e9nom \/ nom : %%fname%% \/ %%lname%%||et_pb_line_break_holder||E-mail : %%email%%||et_pb_line_break_holder||T\u00e9l\u00e9phone : %%tel%%||et_pb_line_break_holder||Taille de la flotte : %%Flotte%%||et_pb_line_break_holder||Message : %%Message%%&#8220; sticky_enabled=&#8220;0&#8243;][et_pb_contact_field field_id=&#8220;customer-type&#8220; field_title=&#8220;Kundentyp&#8220; field_type=&#8220;select&#8220; select_options=&#8220;%91{%22value%22:%22Privat%22,%22checked%22:0,%22dragID%22:-1},{%22value%22:%22Firmen%22,%22checked%22:0,%22dragID%22:0}%93&#8243; fullwidth_field=&#8220;on&#8220; _builder_version=&#8220;4.9.7&#8243; _module_preset=&#8220;default&#8220;][\/et_pb_contact_field][et_pb_contact_field field_id=&#8220;company-name&#8220; field_title=&#8220;Firma&#8220; required_mark=&#8220;off&#8220; fullwidth_field=&#8220;on&#8220; conditional_logic=&#8220;on&#8220; conditional_logic_rules=&#8220;%91{%22field%22:%22customer-type%22,%22condition%22:%22is%22,%22value%22:%22Firmen%22}%93&#8243; _builder_version=&#8220;4.9.7&#8243; _module_preset=&#8220;default&#8220;][\/et_pb_contact_field][et_pb_contact_field field_id=&#8220;fname&#8220; field_title=&#8220;Vorname&#8220; _builder_version=&#8220;4.9.7&#8243; button_text_size__hover_enabled=&#8220;off&#8220; button_one_text_size__hover_enabled=&#8220;off&#8220; button_two_text_size__hover_enabled=&#8220;off&#8220; button_text_color__hover_enabled=&#8220;off&#8220; button_one_text_color__hover_enabled=&#8220;off&#8220; button_two_text_color__hover_enabled=&#8220;off&#8220; button_border_width__hover_enabled=&#8220;off&#8220; button_one_border_width__hover_enabled=&#8220;off&#8220; button_two_border_width__hover_enabled=&#8220;off&#8220; button_border_color__hover_enabled=&#8220;off&#8220; button_one_border_color__hover_enabled=&#8220;off&#8220; button_two_border_color__hover_enabled=&#8220;off&#8220; button_border_radius__hover_enabled=&#8220;off&#8220; button_one_border_radius__hover_enabled=&#8220;off&#8220; button_two_border_radius__hover_enabled=&#8220;off&#8220; button_letter_spacing__hover_enabled=&#8220;off&#8220; button_one_letter_spacing__hover_enabled=&#8220;off&#8220; button_two_letter_spacing__hover_enabled=&#8220;off&#8220; button_bg_color__hover_enabled=&#8220;off&#8220; button_one_bg_color__hover_enabled=&#8220;off&#8220; button_two_bg_color__hover_enabled=&#8220;off&#8220;][\/et_pb_contact_field][et_pb_contact_field field_id=&#8220;lname&#8220; field_title=&#8220;Nachname&#8220; _builder_version=&#8220;4.9.7&#8243; _module_preset=&#8220;default&#8220;][\/et_pb_contact_field][et_pb_contact_field field_id=&#8220;email&#8220; field_title=&#8220;E-Mail Adresse&#8220; field_type=&#8220;email&#8220; fullwidth_field=&#8220;on&#8220; _builder_version=&#8220;4.9.7&#8243; button_text_size__hover_enabled=&#8220;off&#8220; button_one_text_size__hover_enabled=&#8220;off&#8220; button_two_text_size__hover_enabled=&#8220;off&#8220; button_text_color__hover_enabled=&#8220;off&#8220; button_one_text_color__hover_enabled=&#8220;off&#8220; button_two_text_color__hover_enabled=&#8220;off&#8220; button_border_width__hover_enabled=&#8220;off&#8220; button_one_border_width__hover_enabled=&#8220;off&#8220; button_two_border_width__hover_enabled=&#8220;off&#8220; button_border_color__hover_enabled=&#8220;off&#8220; button_one_border_color__hover_enabled=&#8220;off&#8220; button_two_border_color__hover_enabled=&#8220;off&#8220; button_border_radius__hover_enabled=&#8220;off&#8220; button_one_border_radius__hover_enabled=&#8220;off&#8220; button_two_border_radius__hover_enabled=&#8220;off&#8220; button_letter_spacing__hover_enabled=&#8220;off&#8220; button_one_letter_spacing__hover_enabled=&#8220;off&#8220; button_two_letter_spacing__hover_enabled=&#8220;off&#8220; button_bg_color__hover_enabled=&#8220;off&#8220; button_one_bg_color__hover_enabled=&#8220;off&#8220; button_two_bg_color__hover_enabled=&#8220;off&#8220;][\/et_pb_contact_field][et_pb_contact_field field_id=&#8220;tel&#8220; field_title=&#8220;Telefon&#8220; required_mark=&#8220;off&#8220; fullwidth_field=&#8220;on&#8220; _builder_version=&#8220;4.9.7&#8243; _module_preset=&#8220;default&#8220;][\/et_pb_contact_field][et_pb_contact_field field_id=&#8220;Flotte&#8220; field_title=&#8220;Flottengr\u00f6\u00dfe&#8220; allowed_symbols=&#8220;numbers&#8220; fullwidth_field=&#8220;on&#8220; _builder_version=&#8220;4.9.7&#8243; _module_preset=&#8220;default&#8220;][\/et_pb_contact_field][et_pb_contact_field field_id=&#8220;Message&#8220; field_title=&#8220;Botschaft&#8220; field_type=&#8220;text&#8220; fullwidth_field=&#8220;on&#8220; _builder_version=&#8220;4.4.6&#8243; button_text_size__hover_enabled=&#8220;off&#8220; button_one_text_size__hover_enabled=&#8220;off&#8220; button_two_text_size__hover_enabled=&#8220;off&#8220; button_text_color__hover_enabled=&#8220;off&#8220; button_one_text_color__hover_enabled=&#8220;off&#8220; button_two_text_color__hover_enabled=&#8220;off&#8220; button_border_width__hover_enabled=&#8220;off&#8220; button_one_border_width__hover_enabled=&#8220;off&#8220; button_two_border_width__hover_enabled=&#8220;off&#8220; button_border_color__hover_enabled=&#8220;off&#8220; button_one_border_color__hover_enabled=&#8220;off&#8220; button_two_border_color__hover_enabled=&#8220;off&#8220; button_border_radius__hover_enabled=&#8220;off&#8220; button_one_border_radius__hover_enabled=&#8220;off&#8220; button_two_border_radius__hover_enabled=&#8220;off&#8220; button_letter_spacing__hover_enabled=&#8220;off&#8220; button_one_letter_spacing__hover_enabled=&#8220;off&#8220; button_two_letter_spacing__hover_enabled=&#8220;off&#8220; button_bg_color__hover_enabled=&#8220;off&#8220; button_one_bg_color__hover_enabled=&#8220;off&#8220; button_two_bg_color__hover_enabled=&#8220;off&#8220;][\/et_pb_contact_field][\/et_pb_contact_form][\/et_pb_column][\/et_pb_row][\/et_pb_section]<\/p>\n","protected":false},"excerpt":{"rendered":"<p>Etrof ITForte Gr\u00e9goryAvenue du 14 Avril 451020 RenensSuisseKontaktieren Sie uns. F\u00fcllen Sie einfach das Formular aus und senden Sie es ab. Es kann ein paar Tage dauern, bis wir uns bei Ihnen melden.<\/p>\n","protected":false},"author":1,"featured_media":0,"parent":0,"menu_order":0,"comment_status":"closed","ping_status":"closed","template":"","meta":{"_et_pb_use_builder":"on","_et_pb_old_content":"","_et_gb_content_width":"1080","footnotes":""},"class_list":["post-8","page","type-page","status-publish","hentry"],"yoast_head":"<!-- This site is optimized with the Yoast SEO plugin v27.3 - https:\/\/yoast.com\/product\/yoast-seo-wordpress\/ -->\n<title>Contact - Etrof IT GmbH<\/title>\n<meta name=\"robots\" content=\"index, follow, max-snippet:-1, max-image-preview:large, max-video-preview:-1\" \/>\n<link rel=\"canonical\" href=\"https:\/\/etrofit.ch\/de\/contact\/\" \/>\n<meta property=\"og:locale\" content=\"de_DE\" \/>\n<meta property=\"og:type\" content=\"article\" \/>\n<meta property=\"og:title\" content=\"Contact - Etrof IT GmbH\" \/>\n<meta property=\"og:description\" content=\"Etrof ITForte Gr\u00e9goryAvenue du 14 Avril 451020 RenensSuisseKontaktieren Sie uns. F\u00fcllen Sie einfach das Formular aus und senden Sie es ab. Es kann ein paar Tage dauern, bis wir uns bei Ihnen melden.\" \/>\n<meta property=\"og:url\" content=\"https:\/\/etrofit.ch\/de\/contact\/\" \/>\n<meta property=\"og:site_name\" content=\"Etrof IT GmbH\" \/>\n<meta property=\"article:modified_time\" content=\"2021-07-12T14:07:09+00:00\" \/>\n<meta name=\"twitter:card\" content=\"summary_large_image\" \/>\n<meta name=\"twitter:label1\" content=\"Gesch\u00e4tzte Lesezeit\" \/>\n\t<meta name=\"twitter:data1\" content=\"4\u00a0Minuten\" \/>\n<script type=\"application\/ld+json\" class=\"yoast-schema-graph\">{\"@context\":\"https:\\\/\\\/schema.org\",\"@graph\":[{\"@type\":\"WebPage\",\"@id\":\"https:\\\/\\\/etrofit.ch\\\/de\\\/contact\\\/\",\"url\":\"https:\\\/\\\/etrofit.ch\\\/de\\\/contact\\\/\",\"name\":\"Contact - Etrof IT GmbH\",\"isPartOf\":{\"@id\":\"https:\\\/\\\/etrofit.ch\\\/de\\\/#website\"},\"datePublished\":\"2020-05-04T10:05:51+00:00\",\"dateModified\":\"2021-07-12T14:07:09+00:00\",\"breadcrumb\":{\"@id\":\"https:\\\/\\\/etrofit.ch\\\/de\\\/contact\\\/#breadcrumb\"},\"inLanguage\":\"de\",\"potentialAction\":[{\"@type\":\"ReadAction\",\"target\":[\"https:\\\/\\\/etrofit.ch\\\/de\\\/contact\\\/\"]}]},{\"@type\":\"BreadcrumbList\",\"@id\":\"https:\\\/\\\/etrofit.ch\\\/de\\\/contact\\\/#breadcrumb\",\"itemListElement\":[{\"@type\":\"ListItem\",\"position\":1,\"name\":\"Accueil\",\"item\":\"https:\\\/\\\/etrofit.ch\\\/de\\\/\"},{\"@type\":\"ListItem\",\"position\":2,\"name\":\"Contact\"}]},{\"@type\":\"WebSite\",\"@id\":\"https:\\\/\\\/etrofit.ch\\\/de\\\/#website\",\"url\":\"https:\\\/\\\/etrofit.ch\\\/de\\\/\",\"name\":\"Etrof IT GmbH\",\"description\":\"Ein intelligenter \u00dcberblick \u00fcber Ihre mobilen Assets, Fahrer und Fahrzeuge. Behalten Sie Ihr Gesch\u00e4ft im Auge, wo immer Sie sind.\",\"potentialAction\":[{\"@type\":\"SearchAction\",\"target\":{\"@type\":\"EntryPoint\",\"urlTemplate\":\"https:\\\/\\\/etrofit.ch\\\/de\\\/?s={search_term_string}\"},\"query-input\":{\"@type\":\"PropertyValueSpecification\",\"valueRequired\":true,\"valueName\":\"search_term_string\"}}],\"inLanguage\":\"de\"}]}<\/script>\n<!-- \/ Yoast SEO plugin. -->","yoast_head_json":{"title":"Contact - Etrof IT GmbH","robots":{"index":"index","follow":"follow","max-snippet":"max-snippet:-1","max-image-preview":"max-image-preview:large","max-video-preview":"max-video-preview:-1"},"canonical":"https:\/\/etrofit.ch\/de\/contact\/","og_locale":"de_DE","og_type":"article","og_title":"Contact - Etrof IT GmbH","og_description":"Etrof ITForte Gr\u00e9goryAvenue du 14 Avril 451020 RenensSuisseKontaktieren Sie uns. F\u00fcllen Sie einfach das Formular aus und senden Sie es ab. Es kann ein paar Tage dauern, bis wir uns bei Ihnen melden.","og_url":"https:\/\/etrofit.ch\/de\/contact\/","og_site_name":"Etrof IT GmbH","article_modified_time":"2021-07-12T14:07:09+00:00","twitter_card":"summary_large_image","twitter_misc":{"Gesch\u00e4tzte Lesezeit":"4\u00a0Minuten"},"schema":{"@context":"https:\/\/schema.org","@graph":[{"@type":"WebPage","@id":"https:\/\/etrofit.ch\/de\/contact\/","url":"https:\/\/etrofit.ch\/de\/contact\/","name":"Contact - Etrof IT GmbH","isPartOf":{"@id":"https:\/\/etrofit.ch\/de\/#website"},"datePublished":"2020-05-04T10:05:51+00:00","dateModified":"2021-07-12T14:07:09+00:00","breadcrumb":{"@id":"https:\/\/etrofit.ch\/de\/contact\/#breadcrumb"},"inLanguage":"de","potentialAction":[{"@type":"ReadAction","target":["https:\/\/etrofit.ch\/de\/contact\/"]}]},{"@type":"BreadcrumbList","@id":"https:\/\/etrofit.ch\/de\/contact\/#breadcrumb","itemListElement":[{"@type":"ListItem","position":1,"name":"Accueil","item":"https:\/\/etrofit.ch\/de\/"},{"@type":"ListItem","position":2,"name":"Contact"}]},{"@type":"WebSite","@id":"https:\/\/etrofit.ch\/de\/#website","url":"https:\/\/etrofit.ch\/de\/","name":"Etrof IT GmbH","description":"Ein intelligenter \u00dcberblick \u00fcber Ihre mobilen Assets, Fahrer und Fahrzeuge. Behalten Sie Ihr Gesch\u00e4ft im Auge, wo immer Sie sind.","potentialAction":[{"@type":"SearchAction","target":{"@type":"EntryPoint","urlTemplate":"https:\/\/etrofit.ch\/de\/?s={search_term_string}"},"query-input":{"@type":"PropertyValueSpecification","valueRequired":true,"valueName":"search_term_string"}}],"inLanguage":"de"}]}},"_links":{"self":[{"href":"https:\/\/etrofit.ch\/de\/wp-json\/wp\/v2\/pages\/8","targetHints":{"allow":["GET"]}}],"collection":[{"href":"https:\/\/etrofit.ch\/de\/wp-json\/wp\/v2\/pages"}],"about":[{"href":"https:\/\/etrofit.ch\/de\/wp-json\/wp\/v2\/types\/page"}],"author":[{"embeddable":true,"href":"https:\/\/etrofit.ch\/de\/wp-json\/wp\/v2\/users\/1"}],"replies":[{"embeddable":true,"href":"https:\/\/etrofit.ch\/de\/wp-json\/wp\/v2\/comments?post=8"}],"version-history":[{"count":12,"href":"https:\/\/etrofit.ch\/de\/wp-json\/wp\/v2\/pages\/8\/revisions"}],"predecessor-version":[{"id":69,"href":"https:\/\/etrofit.ch\/de\/wp-json\/wp\/v2\/pages\/8\/revisions\/69"}],"wp:attachment":[{"href":"https:\/\/etrofit.ch\/de\/wp-json\/wp\/v2\/media?parent=8"}],"curies":[{"name":"wp","href":"https:\/\/api.w.org\/{rel}","templated":true}]}}