{"id":11,"date":"2020-05-04T12:06:44","date_gmt":"2020-05-04T10:06:44","guid":{"rendered":"https:\/\/etrofit.ch\/fr\/?page_id=11"},"modified":"2020-06-02T15:32:03","modified_gmt":"2020-06-02T13:32:03","slug":"how-it-works","status":"publish","type":"page","link":"https:\/\/etrofit.ch\/fr\/how-it-works\/","title":{"rendered":"Comment \u00e7a fonctionne"},"content":{"rendered":"<p>[et_pb_section fb_built=\u00a0\u00bb1&Prime; _builder_version=\u00a0\u00bb4.4.6&Prime;][et_pb_row _builder_version=\u00a0\u00bb4.4.6&Prime;][et_pb_column type=\u00a0\u00bb4_4&Prime; _builder_version=\u00a0\u00bb4.4.6&Prime;][et_pb_text _builder_version=\u00a0\u00bb4.4.6&Prime;]<\/p>\n<p>Une solutions simple<br \/> &#8211; Installer les bo\u00eetiers sur vos objets ou dans vos v\u00e9hicules<br \/> &#8211; La transmission des informations via notre SIM Premium EU + CH est automatique<br \/> &#8211; Vos donn\u00e9es sont trait\u00e9es sur nos serveurs et restent en Suisse<br \/> &#8211; Visualisation en temps r\u00e9el de l\u2019activit\u00e9 sur notre plateforme cloud s\u00e9curis\u00e9e<\/p>\n<p>Une solutions compl\u00e8te<br \/> &#8211; Un acc\u00e8s s\u00e9curis\u00e9 depuis vos appareils, ordinateurs, tablettes et smartphones<br \/> &#8211; Une interface intuitive et simple d\u2019utilisation pour une prise en main rapide<br \/> &#8211; Divers rapports d&rsquo;utilisation des vos biens<\/p>\n<p>Une g\u00e9olocalisation efficace<br \/> &#8211; Cartographie en ligne avec info trafic en temps r\u00e9el<br \/> &#8211; Visualisation de l\u2019ensemble de vos objets et v\u00e9hicules sur une carte<br \/> &#8211; Affichage de l&rsquo;historique des trajets<\/p>\n<p>Des rapports et outils d&rsquo;analyse pertinent<br \/> &#8211; Rapport globaux sous forme de tableaux<br \/> &#8211; Dur\u00e9e d\u2019intervention, adresse, kilom\u00e8tres, temps de conduite et d&rsquo;arr\u00eat<br \/> &#8211; Analyse d\u00e9taill\u00e9e pour chaque v\u00e9hicule<br \/> &#8211; \u00c9valuation ECO-Drive<\/p>\n<p>[\/et_pb_text][\/et_pb_column][\/et_pb_row][\/et_pb_section][et_pb_section fb_built=\u00a0\u00bb1&Prime; specialty=\u00a0\u00bbon\u00a0\u00bb _builder_version=\u00a0\u00bb4.4.6&Prime; hover_enabled=\u00a0\u00bb0&Prime;][et_pb_column type=\u00a0\u00bb3_4&Prime; specialty_columns=\u00a0\u00bb3&Prime;][et_pb_row_inner _builder_version=\u00a0\u00bb4.4.6&Prime;][et_pb_column_inner saved_specialty_column_type=\u00a0\u00bb3_4&Prime; _builder_version=\u00a0\u00bb4.4.6&Prime;][et_pb_accordion _builder_version=\u00a0\u00bb4.4.6&Prime; hover_enabled=\u00a0\u00bb0&Prime; title_text=\u00a0\u00bbbanniere_map\u00a0\u00bb background_image=\u00a0\u00bbhttps:\/\/etrofit.ch\/fr\/wp-content\/uploads\/sites\/5\/2020\/05\/banniere_map.png\u00a0\u00bb][et_pb_accordion_item title=\u00a0\u00bbCartes en ligne et visibilit\u00e9 intelligente de la flotte\u00a0\u00bb _builder_version=\u00a0\u00bb4.4.6&Prime; open=\u00a0\u00bbon\u00a0\u00bb hover_enabled=\u00a0\u00bb0&Prime;]<img loading=\"lazy\" decoding=\"async\" src=\"https:\/\/etrofit.ch\/fr\/wp-content\/uploads\/sites\/5\/2020\/06\/map_online.png\" width=\"100\" height=\"100\" alt=\"\" class=\"wp-image-309 alignnone size-full\" style=\"float: left;\" srcset=\"https:\/\/etrofit.ch\/fr\/wp-content\/uploads\/sites\/5\/2020\/06\/map_online.png 250w, https:\/\/etrofit.ch\/fr\/wp-content\/uploads\/sites\/5\/2020\/06\/map_online-150x150.png 150w\" sizes=\"(max-width: 100px) 100vw, 100px\" \/><br \/>\nAvec une simple connexion internet, visualiser l\u2019ensemble de votre flotte et de vos actifs sur une carte en temps r\u00e9el, les itin\u00e9raires emprunt\u00e9s et bien plus encore. Acc\u00e9dez depuis n&rsquo;importe o\u00f9 \u00e0 toutes vos informations.[\/et_pb_accordion_item][et_pb_accordion_item title=\u00a0\u00bb Historique des trajets\u00a0\u00bb _builder_version=\u00a0\u00bb4.4.6&Prime; open=\u00a0\u00bboff\u00a0\u00bb hover_enabled=\u00a0\u00bb0&Prime;]<\/p>\n<p><img loading=\"lazy\" decoding=\"async\" src=\"https:\/\/etrofit.ch\/fr\/wp-content\/uploads\/sites\/5\/2020\/06\/map_history.png\" width=\"100\" height=\"100\" alt=\"\" class=\"wp-image-308 alignnone size-full\" style=\"float: left;\" srcset=\"https:\/\/etrofit.ch\/fr\/wp-content\/uploads\/sites\/5\/2020\/06\/map_history.png 250w, https:\/\/etrofit.ch\/fr\/wp-content\/uploads\/sites\/5\/2020\/06\/map_history-150x150.png 150w\" sizes=\"(max-width: 100px) 100vw, 100px\" \/>Afficher les trajets r\u00e9alis\u00e9s par vos v\u00e9hicules, les arr\u00eats effectu\u00e9s, les routes emprunt\u00e9es et bien plus encore.<\/p>\n<p>[\/et_pb_accordion_item][et_pb_accordion_item title=\u00a0\u00bbPr\u00e9venez les vols\u00a0\u00bb _builder_version=\u00a0\u00bb4.4.6&Prime; hover_enabled=\u00a0\u00bb0&Prime;]<\/p>\n<p><img loading=\"lazy\" decoding=\"async\" src=\"https:\/\/etrofit.ch\/fr\/wp-content\/uploads\/sites\/5\/2020\/06\/map_theft.png\" width=\"100\" height=\"100\" alt=\"\" class=\"wp-image-307 alignnone size-full\" style=\"float: left;\" srcset=\"https:\/\/etrofit.ch\/fr\/wp-content\/uploads\/sites\/5\/2020\/06\/map_theft.png 250w, https:\/\/etrofit.ch\/fr\/wp-content\/uploads\/sites\/5\/2020\/06\/map_theft-150x150.png 150w\" sizes=\"(max-width: 100px) 100vw, 100px\" \/>\u00c9vitez les pertes de vos biens en connaissant leur emplacement et leur \u00e9tat en temps r\u00e9el.<\/p>\n<p>[\/et_pb_accordion_item][\/et_pb_accordion][\/et_pb_column_inner][\/et_pb_row_inner][et_pb_row_inner _builder_version=\u00a0\u00bb4.4.6&Prime; column_structure=\u00a0\u00bb1_3,1_3,1_3&Prime;][et_pb_column_inner saved_specialty_column_type=\u00a0\u00bb3_4&Prime; _builder_version=\u00a0\u00bb4.4.6&Prime; type=\u00a0\u00bb1_3&Prime;][et_pb_blurb title=\u00a0\u00bbCartes en ligne et visibilit\u00e9 intelligente de la flotte\u00a0\u00bb image=\u00a0\u00bbhttps:\/\/etrofit.ch\/fr\/wp-content\/uploads\/sites\/5\/2020\/06\/map_online.png\u00a0\u00bb _builder_version=\u00a0\u00bb4.4.6&Prime; hover_enabled=\u00a0\u00bb0&Prime; title_text=\u00a0\u00bbmap_online\u00a0\u00bb]<\/p>\n<p>Avec une simple connexion internet, visualiser l\u2019ensemble de votre flotte et de vos actifs sur une carte en temps r\u00e9el.<\/p>\n<p>[\/et_pb_blurb][\/et_pb_column_inner][et_pb_column_inner saved_specialty_column_type=\u00a0\u00bb3_4&Prime; _builder_version=\u00a0\u00bb4.4.6&Prime; type=\u00a0\u00bb1_3&Prime;][et_pb_blurb title=\u00a0\u00bbHistorique des trajets\u00a0\u00bb image=\u00a0\u00bbhttps:\/\/etrofit.ch\/fr\/wp-content\/uploads\/sites\/5\/2020\/06\/map_history.png\u00a0\u00bb _builder_version=\u00a0\u00bb4.4.6&Prime; hover_enabled=\u00a0\u00bb0&Prime; title_text=\u00a0\u00bbmap_history\u00a0\u00bb]Afficher les trajets r\u00e9alis\u00e9s par vos v\u00e9hicules, les arr\u00eats effectu\u00e9s, les routes emprunt\u00e9es et bien plus encore.[\/et_pb_blurb][\/et_pb_column_inner][et_pb_column_inner saved_specialty_column_type=\u00a0\u00bb3_4&Prime; _builder_version=\u00a0\u00bb4.4.6&Prime; type=\u00a0\u00bb1_3&Prime;][et_pb_blurb title=\u00a0\u00bbPr\u00e9venez le vol\u00a0\u00bb image=\u00a0\u00bbhttps:\/\/etrofit.ch\/fr\/wp-content\/uploads\/sites\/5\/2020\/06\/map_theft.png\u00a0\u00bb _builder_version=\u00a0\u00bb4.4.6&Prime; hover_enabled=\u00a0\u00bb0&Prime; title_text=\u00a0\u00bbmap_theft\u00a0\u00bb]\u00c9vitez les pertes de vos biens en connaissant leur emplacement et leur \u00e9tat en temps r\u00e9el.[\/et_pb_blurb][\/et_pb_column_inner][\/et_pb_row_inner][et_pb_row_inner _builder_version=\u00a0\u00bb4.4.6&Prime;][et_pb_column_inner saved_specialty_column_type=\u00a0\u00bb3_4&Prime; _builder_version=\u00a0\u00bb4.4.6&Prime;][et_pb_divider _builder_version=\u00a0\u00bb4.4.6&Prime; hover_enabled=\u00a0\u00bb0&Prime;][\/et_pb_divider][\/et_pb_column_inner][\/et_pb_row_inner][et_pb_row_inner _builder_version=\u00a0\u00bb4.4.6&Prime; column_structure=\u00a0\u00bb1_3,1_3,1_3&Prime;][et_pb_column_inner saved_specialty_column_type=\u00a0\u00bb3_4&Prime; _builder_version=\u00a0\u00bb4.4.6&Prime; type=\u00a0\u00bb1_3&Prime;][\/et_pb_column_inner][et_pb_column_inner saved_specialty_column_type=\u00a0\u00bb3_4&Prime; _builder_version=\u00a0\u00bb4.4.6&Prime; type=\u00a0\u00bb1_3&Prime;][\/et_pb_column_inner][et_pb_column_inner saved_specialty_column_type=\u00a0\u00bb3_4&Prime; _builder_version=\u00a0\u00bb4.4.6&Prime; type=\u00a0\u00bb1_3&Prime;][\/et_pb_column_inner][\/et_pb_row_inner][\/et_pb_column][et_pb_column type=\u00a0\u00bb1_4&Prime;][et_pb_accordion _builder_version=\u00a0\u00bb4.4.6&Prime; hover_enabled=\u00a0\u00bb0&Prime; title_text=\u00a0\u00bbbanniere_map\u00a0\u00bb background_image=\u00a0\u00bbhttps:\/\/etrofit.ch\/fr\/wp-content\/uploads\/sites\/5\/2020\/05\/banniere_map.png\u00a0\u00bb][et_pb_accordion_item title=\u00a0\u00bbVotre titre va ici\u00a0\u00bb _builder_version=\u00a0\u00bb4.4.6&Prime; open=\u00a0\u00bbon\u00a0\u00bb]<\/p>\n<p>Your content goes here. Edit or remove this text inline or in the module Content settings. You can also style every aspect of this content in the module Design settings and even apply custom CSS to this text in the module Advanced settings.<\/p>\n<p>[\/et_pb_accordion_item][et_pb_accordion_item title=\u00a0\u00bbVotre titre va ici\u00a0\u00bb _builder_version=\u00a0\u00bb4.4.6&Prime; open=\u00a0\u00bboff\u00a0\u00bb]<\/p>\n<p>Your content goes here. Edit or remove this text inline or in the module Content settings. You can also style every aspect of this content in the module Design settings and even apply custom CSS to this text in the module Advanced settings.<\/p>\n<p>[\/et_pb_accordion_item][\/et_pb_accordion][et_pb_blurb title=\u00a0\u00bbVotre titre va ici\u00a0\u00bb image=\u00a0\u00bbdata:image\/svg+xml;base64,PHN2ZyB3aWR0aD0iMTA4MCIgaGVpZ2h0PSI1NDAiIHZpZXdCb3g9IjAgMCAxMDgwIDU0MCIgeG1sbnM9Imh0dHA6Ly93d3cudzMub3JnLzIwMDAvc3ZnIj4KICAgIDxnIGZpbGw9Im5vbmUiIGZpbGwtcnVsZT0iZXZlbm9kZCI+CiAgICAgICAgPHBhdGggZmlsbD0iI0VCRUJFQiIgZD0iTTAgMGgxMDgwdjU0MEgweiIvPgogICAgICAgIDxwYXRoIGQ9Ik00NDUuNjQ5IDU0MGgtOTguOTk1TDE0NC42NDkgMzM3Ljk5NSAwIDQ4Mi42NDR2LTk4Ljk5NWwxMTYuMzY1LTExNi4zNjVjMTUuNjItMTUuNjIgNDAuOTQ3LTE1LjYyIDU2LjU2OCAwTDQ0NS42NSA1NDB6IiBmaWxsLW9wYWNpdHk9Ii4xIiBmaWxsPSIjMDAwIiBmaWxsLXJ1bGU9Im5vbnplcm8iLz4KICAgICAgICA8Y2lyY2xlIGZpbGwtb3BhY2l0eT0iLjA1IiBmaWxsPSIjMDAwIiBjeD0iMzMxIiBjeT0iMTQ4IiByPSI3MCIvPgogICAgICAgIDxwYXRoIGQ9Ik0xMDgwIDM3OXYxMTMuMTM3TDcyOC4xNjIgMTQwLjMgMzI4LjQ2MiA1NDBIMjE1LjMyNEw2OTkuODc4IDU1LjQ0NmMxNS42Mi0xNS42MiA0MC45NDgtMTUuNjIgNTYuNTY4IDBMMTA4MCAzNzl6IiBmaWxsLW9wYWNpdHk9Ii4yIiBmaWxsPSIjMDAwIiBmaWxsLXJ1bGU9Im5vbnplcm8iLz4KICAgIDwvZz4KPC9zdmc+Cg==\u00a0\u00bb _builder_version=\u00a0\u00bb4.4.6&Prime; hover_enabled=\u00a0\u00bb0&Prime;]<\/p>\n<p>Your content goes here. Edit or remove this text inline or in the module Content settings. You can also style every aspect of this content in the module Design settings and even apply custom CSS to this text in the module Advanced settings.<\/p>\n<p>[\/et_pb_blurb][\/et_pb_column][\/et_pb_section]<\/p>\n","protected":false},"excerpt":{"rendered":"<p>Une solutions simple &#8211; Installer les bo\u00eetiers sur vos objets ou dans vos v\u00e9hicules &#8211; La transmission des informations via notre SIM Premium EU + CH est automatique &#8211; Vos donn\u00e9es sont trait\u00e9es sur nos serveurs et restent en Suisse &#8211; Visualisation en temps r\u00e9el de l\u2019activit\u00e9 sur notre plateforme cloud s\u00e9curis\u00e9e Une solutions compl\u00e8te [&hellip;]<\/p>\n","protected":false},"author":1,"featured_media":0,"parent":0,"menu_order":0,"comment_status":"closed","ping_status":"closed","template":"","meta":{"_et_pb_use_builder":"on","_et_pb_old_content":"","_et_gb_content_width":"1080","footnotes":""},"class_list":["post-11","page","type-page","status-publish","hentry"],"yoast_head":"<!-- This site is optimized with the Yoast SEO plugin v27.3 - https:\/\/yoast.com\/product\/yoast-seo-wordpress\/ -->\n<title>Comment \u00e7a fonctionne - Etrof IT S\u00e0rl<\/title>\n<meta name=\"robots\" content=\"index, follow, max-snippet:-1, max-image-preview:large, max-video-preview:-1\" \/>\n<link rel=\"canonical\" href=\"https:\/\/etrofit.ch\/fr\/how-it-works\/\" \/>\n<meta property=\"og:locale\" content=\"fr_FR\" \/>\n<meta property=\"og:type\" content=\"article\" \/>\n<meta property=\"og:title\" content=\"Comment \u00e7a fonctionne - Etrof IT S\u00e0rl\" \/>\n<meta property=\"og:description\" content=\"Une solutions simple - Installer les bo\u00eetiers sur vos objets ou dans vos v\u00e9hicules - La transmission des informations via notre SIM Premium EU + CH est automatique - Vos donn\u00e9es sont trait\u00e9es sur nos serveurs et restent en Suisse - Visualisation en temps r\u00e9el de l\u2019activit\u00e9 sur notre plateforme cloud s\u00e9curis\u00e9e Une solutions compl\u00e8te [&hellip;]\" \/>\n<meta property=\"og:url\" content=\"https:\/\/etrofit.ch\/fr\/how-it-works\/\" \/>\n<meta property=\"og:site_name\" content=\"Etrof IT S\u00e0rl\" \/>\n<meta property=\"article:modified_time\" content=\"2020-06-02T13:32:03+00:00\" \/>\n<meta property=\"og:image\" content=\"https:\/\/etrofit.ch\/fr\/wp-content\/uploads\/sites\/5\/2020\/06\/map_online.png\" \/>\n<meta name=\"twitter:card\" content=\"summary_large_image\" \/>\n<meta name=\"twitter:label1\" content=\"Dur\u00e9e de lecture estim\u00e9e\" \/>\n\t<meta name=\"twitter:data1\" content=\"5 minutes\" \/>\n<script type=\"application\/ld+json\" class=\"yoast-schema-graph\">{\"@context\":\"https:\\\/\\\/schema.org\",\"@graph\":[{\"@type\":\"WebPage\",\"@id\":\"https:\\\/\\\/etrofit.ch\\\/fr\\\/how-it-works\\\/\",\"url\":\"https:\\\/\\\/etrofit.ch\\\/fr\\\/how-it-works\\\/\",\"name\":\"Comment \u00e7a fonctionne - Etrof IT S\u00e0rl\",\"isPartOf\":{\"@id\":\"https:\\\/\\\/etrofit.ch\\\/fr\\\/#website\"},\"primaryImageOfPage\":{\"@id\":\"https:\\\/\\\/etrofit.ch\\\/fr\\\/how-it-works\\\/#primaryimage\"},\"image\":{\"@id\":\"https:\\\/\\\/etrofit.ch\\\/fr\\\/how-it-works\\\/#primaryimage\"},\"thumbnailUrl\":\"https:\\\/\\\/etrofit.ch\\\/fr\\\/wp-content\\\/uploads\\\/sites\\\/5\\\/2020\\\/06\\\/map_online.png\",\"datePublished\":\"2020-05-04T10:06:44+00:00\",\"dateModified\":\"2020-06-02T13:32:03+00:00\",\"breadcrumb\":{\"@id\":\"https:\\\/\\\/etrofit.ch\\\/fr\\\/how-it-works\\\/#breadcrumb\"},\"inLanguage\":\"fr-FR\",\"potentialAction\":[{\"@type\":\"ReadAction\",\"target\":[\"https:\\\/\\\/etrofit.ch\\\/fr\\\/how-it-works\\\/\"]}]},{\"@type\":\"ImageObject\",\"inLanguage\":\"fr-FR\",\"@id\":\"https:\\\/\\\/etrofit.ch\\\/fr\\\/how-it-works\\\/#primaryimage\",\"url\":\"https:\\\/\\\/etrofit.ch\\\/fr\\\/wp-content\\\/uploads\\\/sites\\\/5\\\/2020\\\/06\\\/map_online.png\",\"contentUrl\":\"https:\\\/\\\/etrofit.ch\\\/fr\\\/wp-content\\\/uploads\\\/sites\\\/5\\\/2020\\\/06\\\/map_online.png\",\"width\":250,\"height\":250},{\"@type\":\"BreadcrumbList\",\"@id\":\"https:\\\/\\\/etrofit.ch\\\/fr\\\/how-it-works\\\/#breadcrumb\",\"itemListElement\":[{\"@type\":\"ListItem\",\"position\":1,\"name\":\"Accueil\",\"item\":\"https:\\\/\\\/etrofit.ch\\\/fr\\\/\"},{\"@type\":\"ListItem\",\"position\":2,\"name\":\"Comment \u00e7a fonctionne\"}]},{\"@type\":\"WebSite\",\"@id\":\"https:\\\/\\\/etrofit.ch\\\/fr\\\/#website\",\"url\":\"https:\\\/\\\/etrofit.ch\\\/fr\\\/\",\"name\":\"Etrof IT S\u00e0rl\",\"description\":\"Un aper\u00e7u intelligent de vos actifs mobiles, conducteurs et v\u00e9hicules. Gardez un oeil sur votre entreprise o\u00f9 que vous soyez.\",\"potentialAction\":[{\"@type\":\"SearchAction\",\"target\":{\"@type\":\"EntryPoint\",\"urlTemplate\":\"https:\\\/\\\/etrofit.ch\\\/fr\\\/?s={search_term_string}\"},\"query-input\":{\"@type\":\"PropertyValueSpecification\",\"valueRequired\":true,\"valueName\":\"search_term_string\"}}],\"inLanguage\":\"fr-FR\"}]}<\/script>\n<!-- \/ Yoast SEO plugin. -->","yoast_head_json":{"title":"Comment \u00e7a fonctionne - Etrof IT S\u00e0rl","robots":{"index":"index","follow":"follow","max-snippet":"max-snippet:-1","max-image-preview":"max-image-preview:large","max-video-preview":"max-video-preview:-1"},"canonical":"https:\/\/etrofit.ch\/fr\/how-it-works\/","og_locale":"fr_FR","og_type":"article","og_title":"Comment \u00e7a fonctionne - Etrof IT S\u00e0rl","og_description":"Une solutions simple - Installer les bo\u00eetiers sur vos objets ou dans vos v\u00e9hicules - La transmission des informations via notre SIM Premium EU + CH est automatique - Vos donn\u00e9es sont trait\u00e9es sur nos serveurs et restent en Suisse - Visualisation en temps r\u00e9el de l\u2019activit\u00e9 sur notre plateforme cloud s\u00e9curis\u00e9e Une solutions compl\u00e8te [&hellip;]","og_url":"https:\/\/etrofit.ch\/fr\/how-it-works\/","og_site_name":"Etrof IT S\u00e0rl","article_modified_time":"2020-06-02T13:32:03+00:00","og_image":[{"url":"https:\/\/etrofit.ch\/fr\/wp-content\/uploads\/sites\/5\/2020\/06\/map_online.png","type":"","width":"","height":""}],"twitter_card":"summary_large_image","twitter_misc":{"Dur\u00e9e de lecture estim\u00e9e":"5 minutes"},"schema":{"@context":"https:\/\/schema.org","@graph":[{"@type":"WebPage","@id":"https:\/\/etrofit.ch\/fr\/how-it-works\/","url":"https:\/\/etrofit.ch\/fr\/how-it-works\/","name":"Comment \u00e7a fonctionne - Etrof IT S\u00e0rl","isPartOf":{"@id":"https:\/\/etrofit.ch\/fr\/#website"},"primaryImageOfPage":{"@id":"https:\/\/etrofit.ch\/fr\/how-it-works\/#primaryimage"},"image":{"@id":"https:\/\/etrofit.ch\/fr\/how-it-works\/#primaryimage"},"thumbnailUrl":"https:\/\/etrofit.ch\/fr\/wp-content\/uploads\/sites\/5\/2020\/06\/map_online.png","datePublished":"2020-05-04T10:06:44+00:00","dateModified":"2020-06-02T13:32:03+00:00","breadcrumb":{"@id":"https:\/\/etrofit.ch\/fr\/how-it-works\/#breadcrumb"},"inLanguage":"fr-FR","potentialAction":[{"@type":"ReadAction","target":["https:\/\/etrofit.ch\/fr\/how-it-works\/"]}]},{"@type":"ImageObject","inLanguage":"fr-FR","@id":"https:\/\/etrofit.ch\/fr\/how-it-works\/#primaryimage","url":"https:\/\/etrofit.ch\/fr\/wp-content\/uploads\/sites\/5\/2020\/06\/map_online.png","contentUrl":"https:\/\/etrofit.ch\/fr\/wp-content\/uploads\/sites\/5\/2020\/06\/map_online.png","width":250,"height":250},{"@type":"BreadcrumbList","@id":"https:\/\/etrofit.ch\/fr\/how-it-works\/#breadcrumb","itemListElement":[{"@type":"ListItem","position":1,"name":"Accueil","item":"https:\/\/etrofit.ch\/fr\/"},{"@type":"ListItem","position":2,"name":"Comment \u00e7a fonctionne"}]},{"@type":"WebSite","@id":"https:\/\/etrofit.ch\/fr\/#website","url":"https:\/\/etrofit.ch\/fr\/","name":"Etrof IT S\u00e0rl","description":"Un aper\u00e7u intelligent de vos actifs mobiles, conducteurs et v\u00e9hicules. Gardez un oeil sur votre entreprise o\u00f9 que vous soyez.","potentialAction":[{"@type":"SearchAction","target":{"@type":"EntryPoint","urlTemplate":"https:\/\/etrofit.ch\/fr\/?s={search_term_string}"},"query-input":{"@type":"PropertyValueSpecification","valueRequired":true,"valueName":"search_term_string"}}],"inLanguage":"fr-FR"}]}},"_links":{"self":[{"href":"https:\/\/etrofit.ch\/fr\/wp-json\/wp\/v2\/pages\/11","targetHints":{"allow":["GET"]}}],"collection":[{"href":"https:\/\/etrofit.ch\/fr\/wp-json\/wp\/v2\/pages"}],"about":[{"href":"https:\/\/etrofit.ch\/fr\/wp-json\/wp\/v2\/types\/page"}],"author":[{"embeddable":true,"href":"https:\/\/etrofit.ch\/fr\/wp-json\/wp\/v2\/users\/1"}],"replies":[{"embeddable":true,"href":"https:\/\/etrofit.ch\/fr\/wp-json\/wp\/v2\/comments?post=11"}],"version-history":[{"count":15,"href":"https:\/\/etrofit.ch\/fr\/wp-json\/wp\/v2\/pages\/11\/revisions"}],"predecessor-version":[{"id":316,"href":"https:\/\/etrofit.ch\/fr\/wp-json\/wp\/v2\/pages\/11\/revisions\/316"}],"wp:attachment":[{"href":"https:\/\/etrofit.ch\/fr\/wp-json\/wp\/v2\/media?parent=11"}],"curies":[{"name":"wp","href":"https:\/\/api.w.org\/{rel}","templated":true}]}}