{"id":13,"date":"2020-05-04T12:07:12","date_gmt":"2020-05-04T10:07:12","guid":{"rendered":"https:\/\/etrofit.ch\/fr\/?page_id=13"},"modified":"2021-07-13T09:40:16","modified_gmt":"2021-07-13T07:40:16","slug":"plans","status":"publish","type":"page","link":"https:\/\/etrofit.ch\/fr\/plans\/","title":{"rendered":"Abonnements"},"content":{"rendered":"\n[et_pb_section fb_built=\u00a0\u00bb1&Prime; _builder_version=\u00a0\u00bb4.4.6&Prime;][et_pb_row _builder_version=\u00a0\u00bb4.4.6&Prime;][et_pb_column type=\u00a0\u00bb4_4&Prime; _builder_version=\u00a0\u00bb4.4.6&Prime;][et_pb_cta title=\u00a0\u00bbChoisissez la solution id\u00e9ale pour vous\u00a0\u00bb button_text=\u00a0\u00bbClics\u00a0\u00bb _builder_version=\u00a0\u00bb4.4.6&Prime; header_level=\u00a0\u00bbh1&Prime; header_font=\u00a0\u00bb|800|||||||\u00a0\u00bb background_color=\u00a0\u00bb#0596d4&Prime;]<p><strong>Nos solutions s&rsquo;adaptent \u00e0 toutes les situations et s\u2019adressent aussi bien aux particuliers qui ont des besoins simples en mati\u00e8re de suivis qu&rsquo;aux entreprises qui ont des besoins avanc\u00e9s et sp\u00e9cifiques.<\/strong><\/p>[\/et_pb_cta][\/et_pb_column][\/et_pb_row][et_pb_row column_structure=\u00a0\u00bb1_4,1_4,1_4,1_4&Prime; _builder_version=\u00a0\u00bb4.4.6&Prime;][et_pb_column type=\u00a0\u00bb1_4&Prime; _builder_version=\u00a0\u00bb4.4.6&Prime; animation_style=\u00a0\u00bbslide\u00a0\u00bb][et_pb_pricing_tables header_background_color=\u00a0\u00bb#00c5aa\u00a0\u00bb show_bullet=\u00a0\u00bboff\u00a0\u00bb featured_table_price_background_color=\u00a0\u00bb#00c5aa\u00a0\u00bb featured_table_price_color=\u00a0\u00bb#ffffff\u00a0\u00bb price_background_color=\u00a0\u00bb#00c5aa\u00a0\u00bb _builder_version=\u00a0\u00bb4.9.7&Prime; currency_frequency_text_color=\u00a0\u00bb#ffffff\u00a0\u00bb price_text_color=\u00a0\u00bb#ffffff\u00a0\u00bb header_font=\u00a0\u00bb|800|||||||\u00a0\u00bb body_line_height=\u00a0\u00bb1em\u00a0\u00bb price_font=\u00a0\u00bb|600|||||||\u00a0\u00bb custom_button=\u00a0\u00bbon\u00a0\u00bb button_text_color=\u00a0\u00bb#00c5aa\u00a0\u00bb button_border_color=\u00a0\u00bb#00c5aa\u00a0\u00bb hover_enabled=\u00a0\u00bb0&Prime; border_color_all=\u00a0\u00bb#00c5aa\u00a0\u00bb box_shadow_style=\u00a0\u00bbpreset1&Prime; locked=\u00a0\u00bboff\u00a0\u00bb sticky_enabled=\u00a0\u00bb0&Prime;][et_pb_pricing_table title=\u00a0\u00bbLight\u00a0\u00bb subtitle=\u00a0\u00bbPlateforme web pour le suivi des objets simple\u00a0\u00bb currency=\u00a0\u00bbCHF\u00a0\u00bb per=\u00a0\u00bbm.\u00a0\u00bb sum=\u00a0\u00bb11&Prime; button_url=\u00a0\u00bbhttps:\/\/shop.etrofit.ch\/fr\/accueil\/9-at6-3g.html\u00a0\u00bb button_text=\u00a0\u00bbAu panier\u00a0\u00bb _builder_version=\u00a0\u00bb4.9.7&Prime; hover_enabled=\u00a0\u00bb0&Prime; sticky_transition=\u00a0\u00bbon\u00a0\u00bb sticky_enabled=\u00a0\u00bb0&Prime;]<strong><span style=\"position: absolute; left: -15px; color: #00c5aa; font-weight: bold;\">\u2713<\/span>Carte SIM M2M Europe + Suisse\n<span style=\"position: absolute; left: -15px; color: #00c5aa; font-weight: bold;\">\u2713<\/span>Suivi en ligne en temps r\u00e9el\n<span style=\"position: absolute; left: -15px; color: #00c5aa; font-weight: bold;\">\u2713<\/span>Commande \u00e0 distance\n<span style=\"position: absolute; left: -15px; color: #00c5aa; font-weight: bold;\">\u2713<\/span>Alerte zones g\u00e9ographique\n<span style=\"position: absolute; left: -15px; color: #00c5aa; font-weight: bold;\">\u2713<\/span>Surveillance de la batterie interne<\/strong>\n<span style=\"position: absolute; left: -15px; color: #00c5aa; font-weight: bold;\">\u2717<\/span>Surveillance de la batterie externe\n<span style=\"position: absolute; left: -15px; color: #00c5aa; font-weight: bold;\">\u2717<\/span>D\u00e9tection d&rsquo;accident \/ choc\n<span style=\"position: absolute; left: -15px; color: #00c5aa; font-weight: bold;\">\u2717<\/span>Identification du conducteur\n<span style=\"position: absolute; left: -15px; color: #00c5aa; font-weight: bold;\">\u2717<\/span>Analyse ECO Drive\n<span style=\"position: absolute; left: -15px; color: #00c5aa; font-weight: bold;\">\u2717<\/span>Enregistrement des sondes: temp\u00e9rature, etc.\n<span style=\"position: absolute; left: -15px; color: #00c5aa; font-weight: bold;\">\u2717<\/span>OBD2 &#038; CAN Bus: Lecture niveau de carburant, temp\u00e9rature du moteur, Tr\/min, km\/h, km, etc.[\/et_pb_pricing_table][\/et_pb_pricing_tables][\/et_pb_column][et_pb_column type=\u00a0\u00bb1_4&Prime; _builder_version=\u00a0\u00bb4.4.6&Prime; animation_style=\u00a0\u00bbslide\u00a0\u00bb][et_pb_pricing_tables header_background_color=\u00a0\u00bb#22a9ff\u00a0\u00bb show_bullet=\u00a0\u00bboff\u00a0\u00bb featured_table_price_background_color=\u00a0\u00bb#22a9ff\u00a0\u00bb featured_table_price_color=\u00a0\u00bb#ffffff\u00a0\u00bb price_background_color=\u00a0\u00bb#22a9ff\u00a0\u00bb _builder_version=\u00a0\u00bb4.9.7&Prime; currency_frequency_text_color=\u00a0\u00bb#ffffff\u00a0\u00bb price_text_color=\u00a0\u00bb#ffffff\u00a0\u00bb header_font=\u00a0\u00bb|800|||||||\u00a0\u00bb body_line_height=\u00a0\u00bb1em\u00a0\u00bb price_font=\u00a0\u00bb|600|||||||\u00a0\u00bb custom_button=\u00a0\u00bbon\u00a0\u00bb button_text_color=\u00a0\u00bb#22a9ff\u00a0\u00bb button_border_color=\u00a0\u00bb#22a9ff\u00a0\u00bb hover_enabled=\u00a0\u00bb0&Prime; border_color_all=\u00a0\u00bb#22a9ff\u00a0\u00bb box_shadow_style=\u00a0\u00bbpreset1&Prime; locked=\u00a0\u00bboff\u00a0\u00bb sticky_enabled=\u00a0\u00bb0&Prime;][et_pb_pricing_table title=\u00a0\u00bbStandard\u00a0\u00bb subtitle=\u00a0\u00bbPlateforme web pour le suivi des v\u00e9hicules simple\u00a0\u00bb currency=\u00a0\u00bbCHF\u00a0\u00bb per=\u00a0\u00bbm.\u00a0\u00bb sum=\u00a0\u00bb13&Prime; button_url=\u00a0\u00bbhttps:\/\/shop.etrofit.ch\/fr\/accueil\/12-gt06e-3g.html\u00a0\u00bb button_text=\u00a0\u00bbAu panier\u00a0\u00bb _builder_version=\u00a0\u00bb4.9.7&Prime; hover_enabled=\u00a0\u00bb0&Prime; sticky_transition=\u00a0\u00bbon\u00a0\u00bb sticky_enabled=\u00a0\u00bb0&Prime;]<strong><span style=\"position: absolute; left: -15px; color: #22a9ff; font-weight: bold;\">\u2713<\/span>Carte SIM M2M Europe + Suisse\n<span style=\"position: absolute; left: -15px; color: #22a9ff; font-weight: bold;\">\u2713<\/span>Suivi en ligne en temps r\u00e9el\n<span style=\"position: absolute; left: -15px; color: #22a9ff; font-weight: bold;\">\u2713<\/span>Commande \u00e0 distance\n<span style=\"position: absolute; left: -15px; color: #22a9ff; font-weight: bold;\">\u2713<\/span>Alerte zones g\u00e9ographique\n<span style=\"position: absolute; left: -15px; color: #22a9ff; font-weight: bold;\">\u2713<\/span>Surveillance de la batterie interne\n<span style=\"position: absolute; left: -15px; color: #22a9ff; font-weight: bold;\">\u2713<\/span>Surveillance de la batterie externe<\/strong>\n<span style=\"position: absolute; left: -15px; color: #22a9ff; font-weight: bold;\">\u2717<\/span>D\u00e9tection d&rsquo;accident \/ choc\n<span style=\"position: absolute; left: -15px; color: #22a9ff; font-weight: bold;\">\u2717<\/span>Identification du conducteur\n<span style=\"position: absolute; left: -15px; color: #22a9ff; font-weight: bold;\">\u2717<\/span>Analyse ECO Drive\n<span style=\"position: absolute; left: -15px; color: #22a9ff; font-weight: bold;\">\u2717<\/span>Enregistrement des sondes: temp\u00e9rature, etc.\n<span style=\"position: absolute; left: -15px; color: #22a9ff; font-weight: bold;\">\u2717<\/span>OBD2 &#038; CAN Bus: Lecture niveau de carburant, temp\u00e9rature du moteur, Tr\/min, km\/h, km, etc.[\/et_pb_pricing_table][\/et_pb_pricing_tables][\/et_pb_column][et_pb_column type=\u00a0\u00bb1_4&Prime; _builder_version=\u00a0\u00bb4.4.6&Prime; animation_style=\u00a0\u00bbslide\u00a0\u00bb][et_pb_pricing_tables header_background_color=\u00a0\u00bb#ff911e\u00a0\u00bb show_bullet=\u00a0\u00bboff\u00a0\u00bb featured_table_price_background_color=\u00a0\u00bb#ff911e\u00a0\u00bb featured_table_price_color=\u00a0\u00bb#ffffff\u00a0\u00bb price_background_color=\u00a0\u00bb#ff911e\u00a0\u00bb _builder_version=\u00a0\u00bb4.9.7&Prime; currency_frequency_text_color=\u00a0\u00bb#ffffff\u00a0\u00bb price_text_color=\u00a0\u00bb#ffffff\u00a0\u00bb header_font=\u00a0\u00bb|800|||||||\u00a0\u00bb body_line_height=\u00a0\u00bb1em\u00a0\u00bb price_font=\u00a0\u00bb|600|||||||\u00a0\u00bb background_color=\u00a0\u00bb#ffffff\u00a0\u00bb custom_button=\u00a0\u00bbon\u00a0\u00bb button_text_color=\u00a0\u00bb#ff911e\u00a0\u00bb button_border_color=\u00a0\u00bb#ff911e\u00a0\u00bb hover_enabled=\u00a0\u00bb0&Prime; border_color_all=\u00a0\u00bb#ff911e\u00a0\u00bb box_shadow_style=\u00a0\u00bbpreset1&Prime; locked=\u00a0\u00bboff\u00a0\u00bb sticky_enabled=\u00a0\u00bb0&Prime;][et_pb_pricing_table title=\u00a0\u00bbAdvanced\u00a0\u00bb subtitle=\u00a0\u00bbPlateforme web pour le suivi des v\u00e9hicules avanc\u00e9\u00a0\u00bb currency=\u00a0\u00bbCHF\u00a0\u00bb per=\u00a0\u00bbm.\u00a0\u00bb sum=\u00a0\u00bb16&Prime; button_url=\u00a0\u00bbhttps:\/\/shop.etrofit.ch\/fr\/accueil\/18-fm-eco4-light-3g-t.html\u00a0\u00bb button_text=\u00a0\u00bbAu panier\u00a0\u00bb _builder_version=\u00a0\u00bb4.9.7&Prime; hover_enabled=\u00a0\u00bb0&Prime; sticky_transition=\u00a0\u00bbon\u00a0\u00bb sticky_enabled=\u00a0\u00bb0&Prime;]<strong><span style=\"position: absolute; left: -15px; color: #ff911e; font-weight: bold;\">\u2713<\/span>Carte SIM M2M Europe + Suisse\n<span style=\"position: absolute; left: -15px; color: #ff911e; font-weight: bold;\">\u2713<\/span>Suivi en ligne en temps r\u00e9el\n<span style=\"position: absolute; left: -15px; color: #ff911e; font-weight: bold;\">\u2713<\/span>Commande \u00e0 distance\n<span style=\"position: absolute; left: -15px; color: #ff911e; font-weight: bold;\">\u2713<\/span>Alerte zones g\u00e9ographique\n<span style=\"position: absolute; left: -15px; color: #ff911e; font-weight: bold;\">\u2713<\/span>Surveillance de la batterie interne\n<span style=\"position: absolute; left: -15px; color: #ff911e; font-weight: bold;\">\u2713<\/span>Surveillance de la batterie externe\n<span style=\"position: absolute; left: -15px; color: #ff911e; font-weight: bold;\">\u2713<\/span>D\u00e9tection d&rsquo;accident \/ choc\n<span style=\"position: absolute; left: -15px; color: #ff911e; font-weight: bold;\">\u2713<\/span>Identification du conducteur\n<span style=\"position: absolute; left: -15px; color: #ff911e; font-weight: bold;\">\u2713<\/span>Analyse ECO Drive\n<span style=\"position: absolute; left: -15px; color: #ff911e; font-weight: bold;\">\u2713<\/span>Enregistrement des sondes: temp\u00e9rature, etc.<\/strong>\n<span style=\"position: absolute; left: -15px; color: #ff911e; font-weight: bold;\">\u2717<\/span>OBD2 &#038; CAN Bus: Lecture niveau de carburant, temp\u00e9rature du moteur, Tr\/min, km\/h, km, etc.[\/et_pb_pricing_table][\/et_pb_pricing_tables][\/et_pb_column][et_pb_column type=\u00a0\u00bb1_4&Prime; _builder_version=\u00a0\u00bb4.4.6&Prime; animation_style=\u00a0\u00bbslide\u00a0\u00bb][et_pb_pricing_tables header_background_color=\u00a0\u00bb#f25451&Prime; show_bullet=\u00a0\u00bboff\u00a0\u00bb featured_table_price_background_color=\u00a0\u00bb#f25451&Prime; featured_table_price_color=\u00a0\u00bb#ffffff\u00a0\u00bb price_background_color=\u00a0\u00bb#f25451&Prime; _builder_version=\u00a0\u00bb4.9.7&Prime; currency_frequency_text_color=\u00a0\u00bb#ffffff\u00a0\u00bb price_text_color=\u00a0\u00bb#ffffff\u00a0\u00bb header_font=\u00a0\u00bb|800|||||||\u00a0\u00bb body_line_height=\u00a0\u00bb1em\u00a0\u00bb price_font=\u00a0\u00bb|600|||||||\u00a0\u00bb custom_button=\u00a0\u00bbon\u00a0\u00bb button_text_color=\u00a0\u00bb#f25451&Prime; button_border_color=\u00a0\u00bb#f25451&Prime; hover_enabled=\u00a0\u00bb0&Prime; border_color_all=\u00a0\u00bb#f25451&Prime; box_shadow_style=\u00a0\u00bbpreset1&Prime; sticky_enabled=\u00a0\u00bb0&Prime;][et_pb_pricing_table title=\u00a0\u00bbProfessional\u00a0\u00bb subtitle=\u00a0\u00bbPlateforme web pour le suivi des v\u00e9hicules professionnel\u00a0\u00bb currency=\u00a0\u00bbCHF\u00a0\u00bb per=\u00a0\u00bbm.\u00a0\u00bb sum=\u00a0\u00bb19&Prime; button_url=\u00a0\u00bbhttps:\/\/shop.etrofit.ch\/fr\/accueil\/19-fm-tco4-lcv-3g.html\u00a0\u00bb button_text=\u00a0\u00bbAu panier\u00a0\u00bb _builder_version=\u00a0\u00bb4.9.7&Prime; hover_enabled=\u00a0\u00bb0&Prime; sticky_transition=\u00a0\u00bbon\u00a0\u00bb sticky_enabled=\u00a0\u00bb0&Prime;]<strong><span style=\"position: absolute; left: -15px; color: #f25451; font-weight: bold;\">\u2713<\/span>Carte SIM M2M Europe + Suisse\n<span style=\"position: absolute; left: -15px; color: #f25451; font-weight: bold;\">\u2713<\/span>Suivi en ligne en temps r\u00e9el\n<span style=\"position: absolute; left: -15px; color: #f25451; font-weight: bold;\">\u2713<\/span>Commande \u00e0 distance\n<span style=\"position: absolute; left: -15px; color: #f25451; font-weight: bold;\">\u2713<\/span>Alerte zones g\u00e9ographique\n<span style=\"position: absolute; left: -15px; color: #f25451; font-weight: bold;\">\u2713<\/span>Surveillance de la batterie interne\n<span style=\"position: absolute; left: -15px; color: #f25451; font-weight: bold;\">\u2713<\/span>Surveillance de la batterie externe\n<span style=\"position: absolute; left: -15px; color: #f25451; font-weight: bold;\">\u2713<\/span>D\u00e9tection d&rsquo;accident \/ choc\n<span style=\"position: absolute; left: -15px; color: #f25451; font-weight: bold;\">\u2713<\/span>Identification du conducteur\n<span style=\"position: absolute; left: -15px; color: #f25451; font-weight: bold;\">\u2713<\/span>Analyse ECO Drive\n<span style=\"position: absolute; left: -15px; color: #f25451; font-weight: bold;\">\u2713<\/span>Enregistrement des sondes: temp\u00e9rature, etc.\n<span style=\"position: absolute; left: -15px; color: #f25451; font-weight: bold;\">\u2713<\/span>OBD2 &#038; CAN Bus: Lecture niveau de carburant, temp\u00e9rature du moteur, Tr\/min, km\/h, km, etc.<\/strong>[\/et_pb_pricing_table][\/et_pb_pricing_tables][\/et_pb_column][\/et_pb_row][et_pb_row _builder_version=\u00a0\u00bb4.4.6&Prime;][et_pb_column type=\u00a0\u00bb4_4&Prime; _builder_version=\u00a0\u00bb4.4.6&Prime;][et_pb_text _builder_version=\u00a0\u00bb4.4.6&Prime;]<p style=\"text-align: center;\"><strong>Les prix sont indiqu\u00e9s sont par objet ou v\u00e9hicule et supposent un contrat minimum de 12 mois.<\/strong><\/p>[\/et_pb_text][\/et_pb_column][\/et_pb_row][et_pb_row _builder_version=\u00a0\u00bb4.4.6&Prime;][et_pb_column type=\u00a0\u00bb4_4&Prime; _builder_version=\u00a0\u00bb4.4.6&Prime;][et_pb_slider show_arrows=\u00a0\u00bboff\u00a0\u00bb show_pagination=\u00a0\u00bboff\u00a0\u00bb use_bg_overlay=\u00a0\u00bbon\u00a0\u00bb bg_overlay_color=\u00a0\u00bbrgba(0,0,0,0)75&Prime; use_text_overlay=\u00a0\u00bbon\u00a0\u00bb text_overlay_color=\u00a0\u00bbrgba(0,0,0,0.15)\u00a0\u00bb _builder_version=\u00a0\u00bb4.4.6&Prime; header_font=\u00a0\u00bb|800|||||||\u00a0\u00bb body_font=\u00a0\u00bb|600|||||||\u00a0\u00bb custom_button=\u00a0\u00bbon\u00a0\u00bb button_bg_color=\u00a0\u00bbrgba(0,0,0,0.5)\u00a0\u00bb button_font=\u00a0\u00bb|700|||||||\u00a0\u00bb][et_pb_slide heading=\u00a0\u00bbNous vous aiderons \u00e0 d\u00e9cider quelle option vous convient\u00a0\u00bb button_text=\u00a0\u00bb Contactez-nous\u00a0\u00bb button_link=\u00a0\u00bbhttps:\/\/etrofit.ch\/fr\/contact\/\u00a0\u00bb _builder_version=\u00a0\u00bb4.4.6&Prime; header_font=\u00a0\u00bb|700|||||||\u00a0\u00bb background_image=\u00a0\u00bbhttps:\/\/etrofit.ch\/fr\/wp-content\/uploads\/sites\/5\/2020\/05\/banniere_table_decision.png\u00a0\u00bb background_enable_image=\u00a0\u00bbon\u00a0\u00bb sticky_transition=\u00a0\u00bbon\u00a0\u00bb]<p><strong><\/strong><\/p>\n<p><strong><\/strong><\/p>\n<p><strong>Si un forfait ci-dessus ne r\u00e9pond pas \u00e0 tous vos besoins nos experts peuvent vous proposer une solution sur mesure.<\/strong><\/p>[\/et_pb_slide][\/et_pb_slider][\/et_pb_column][\/et_pb_row][\/et_pb_section]\n","protected":false},"excerpt":{"rendered":"<p>Nos solutions s&rsquo;adaptent \u00e0 toutes les situations et s\u2019adressent aussi bien aux particuliers qui ont des besoins simples en mati\u00e8re de suivis qu&rsquo;aux entreprises qui ont des besoins avanc\u00e9s et sp\u00e9cifiques.\u2713Carte SIM M2M Europe + Suisse \u2713Suivi en ligne en temps r\u00e9el \u2713Commande \u00e0 distance \u2713Alerte zones g\u00e9ographique \u2713Surveillance de la batterie interne \u2717Surveillance de [&hellip;]<\/p>\n","protected":false},"author":1,"featured_media":0,"parent":0,"menu_order":0,"comment_status":"closed","ping_status":"closed","template":"","meta":{"_et_pb_use_builder":"on","_et_pb_old_content":"","_et_gb_content_width":"1080","footnotes":""},"class_list":["post-13","page","type-page","status-publish","hentry"],"yoast_head":"<!-- This site is optimized with the Yoast SEO plugin v27.4 - https:\/\/yoast.com\/product\/yoast-seo-wordpress\/ -->\n<title>Abonnements - Etrof IT S\u00e0rl<\/title>\n<meta name=\"robots\" content=\"index, follow, max-snippet:-1, max-image-preview:large, max-video-preview:-1\" \/>\n<link rel=\"canonical\" href=\"https:\/\/etrofit.ch\/fr\/plans\/\" \/>\n<meta property=\"og:locale\" content=\"fr_FR\" \/>\n<meta property=\"og:type\" content=\"article\" \/>\n<meta property=\"og:title\" content=\"Abonnements - Etrof IT S\u00e0rl\" \/>\n<meta property=\"og:description\" content=\"Nos solutions s&#039;adaptent \u00e0 toutes les situations et s\u2019adressent aussi bien aux particuliers qui ont des besoins simples en mati\u00e8re de suivis qu&#039;aux entreprises qui ont des besoins avanc\u00e9s et sp\u00e9cifiques.\u2713Carte SIM M2M Europe + Suisse \u2713Suivi en ligne en temps r\u00e9el \u2713Commande \u00e0 distance \u2713Alerte zones g\u00e9ographique \u2713Surveillance de la batterie interne \u2717Surveillance de [&hellip;]\" \/>\n<meta property=\"og:url\" content=\"https:\/\/etrofit.ch\/fr\/plans\/\" \/>\n<meta property=\"og:site_name\" content=\"Etrof IT S\u00e0rl\" \/>\n<meta property=\"article:modified_time\" content=\"2021-07-13T07:40:16+00:00\" \/>\n<meta name=\"twitter:card\" content=\"summary_large_image\" \/>\n<meta name=\"twitter:label1\" content=\"Dur\u00e9e de lecture estim\u00e9e\" \/>\n\t<meta name=\"twitter:data1\" content=\"3 minutes\" \/>\n<script type=\"application\/ld+json\" class=\"yoast-schema-graph\">{\"@context\":\"https:\\\/\\\/schema.org\",\"@graph\":[{\"@type\":\"WebPage\",\"@id\":\"https:\\\/\\\/etrofit.ch\\\/fr\\\/plans\\\/\",\"url\":\"https:\\\/\\\/etrofit.ch\\\/fr\\\/plans\\\/\",\"name\":\"Abonnements - Etrof IT S\u00e0rl\",\"isPartOf\":{\"@id\":\"https:\\\/\\\/etrofit.ch\\\/fr\\\/#website\"},\"datePublished\":\"2020-05-04T10:07:12+00:00\",\"dateModified\":\"2021-07-13T07:40:16+00:00\",\"breadcrumb\":{\"@id\":\"https:\\\/\\\/etrofit.ch\\\/fr\\\/plans\\\/#breadcrumb\"},\"inLanguage\":\"fr-FR\",\"potentialAction\":[{\"@type\":\"ReadAction\",\"target\":[\"https:\\\/\\\/etrofit.ch\\\/fr\\\/plans\\\/\"]}]},{\"@type\":\"BreadcrumbList\",\"@id\":\"https:\\\/\\\/etrofit.ch\\\/fr\\\/plans\\\/#breadcrumb\",\"itemListElement\":[{\"@type\":\"ListItem\",\"position\":1,\"name\":\"Accueil\",\"item\":\"https:\\\/\\\/etrofit.ch\\\/fr\\\/\"},{\"@type\":\"ListItem\",\"position\":2,\"name\":\"Abonnements\"}]},{\"@type\":\"WebSite\",\"@id\":\"https:\\\/\\\/etrofit.ch\\\/fr\\\/#website\",\"url\":\"https:\\\/\\\/etrofit.ch\\\/fr\\\/\",\"name\":\"Etrof IT S\u00e0rl\",\"description\":\"Un aper\u00e7u intelligent de vos actifs mobiles, conducteurs et v\u00e9hicules. Gardez un oeil sur votre entreprise o\u00f9 que vous soyez.\",\"potentialAction\":[{\"@type\":\"SearchAction\",\"target\":{\"@type\":\"EntryPoint\",\"urlTemplate\":\"https:\\\/\\\/etrofit.ch\\\/fr\\\/?s={search_term_string}\"},\"query-input\":{\"@type\":\"PropertyValueSpecification\",\"valueRequired\":true,\"valueName\":\"search_term_string\"}}],\"inLanguage\":\"fr-FR\"}]}<\/script>\n<!-- \/ Yoast SEO plugin. -->","yoast_head_json":{"title":"Abonnements - Etrof IT S\u00e0rl","robots":{"index":"index","follow":"follow","max-snippet":"max-snippet:-1","max-image-preview":"max-image-preview:large","max-video-preview":"max-video-preview:-1"},"canonical":"https:\/\/etrofit.ch\/fr\/plans\/","og_locale":"fr_FR","og_type":"article","og_title":"Abonnements - Etrof IT S\u00e0rl","og_description":"Nos solutions s'adaptent \u00e0 toutes les situations et s\u2019adressent aussi bien aux particuliers qui ont des besoins simples en mati\u00e8re de suivis qu'aux entreprises qui ont des besoins avanc\u00e9s et sp\u00e9cifiques.\u2713Carte SIM M2M Europe + Suisse \u2713Suivi en ligne en temps r\u00e9el \u2713Commande \u00e0 distance \u2713Alerte zones g\u00e9ographique \u2713Surveillance de la batterie interne \u2717Surveillance de [&hellip;]","og_url":"https:\/\/etrofit.ch\/fr\/plans\/","og_site_name":"Etrof IT S\u00e0rl","article_modified_time":"2021-07-13T07:40:16+00:00","twitter_card":"summary_large_image","twitter_misc":{"Dur\u00e9e de lecture estim\u00e9e":"3 minutes"},"schema":{"@context":"https:\/\/schema.org","@graph":[{"@type":"WebPage","@id":"https:\/\/etrofit.ch\/fr\/plans\/","url":"https:\/\/etrofit.ch\/fr\/plans\/","name":"Abonnements - Etrof IT S\u00e0rl","isPartOf":{"@id":"https:\/\/etrofit.ch\/fr\/#website"},"datePublished":"2020-05-04T10:07:12+00:00","dateModified":"2021-07-13T07:40:16+00:00","breadcrumb":{"@id":"https:\/\/etrofit.ch\/fr\/plans\/#breadcrumb"},"inLanguage":"fr-FR","potentialAction":[{"@type":"ReadAction","target":["https:\/\/etrofit.ch\/fr\/plans\/"]}]},{"@type":"BreadcrumbList","@id":"https:\/\/etrofit.ch\/fr\/plans\/#breadcrumb","itemListElement":[{"@type":"ListItem","position":1,"name":"Accueil","item":"https:\/\/etrofit.ch\/fr\/"},{"@type":"ListItem","position":2,"name":"Abonnements"}]},{"@type":"WebSite","@id":"https:\/\/etrofit.ch\/fr\/#website","url":"https:\/\/etrofit.ch\/fr\/","name":"Etrof IT S\u00e0rl","description":"Un aper\u00e7u intelligent de vos actifs mobiles, conducteurs et v\u00e9hicules. Gardez un oeil sur votre entreprise o\u00f9 que vous soyez.","potentialAction":[{"@type":"SearchAction","target":{"@type":"EntryPoint","urlTemplate":"https:\/\/etrofit.ch\/fr\/?s={search_term_string}"},"query-input":{"@type":"PropertyValueSpecification","valueRequired":true,"valueName":"search_term_string"}}],"inLanguage":"fr-FR"}]}},"_links":{"self":[{"href":"https:\/\/etrofit.ch\/fr\/wp-json\/wp\/v2\/pages\/13","targetHints":{"allow":["GET"]}}],"collection":[{"href":"https:\/\/etrofit.ch\/fr\/wp-json\/wp\/v2\/pages"}],"about":[{"href":"https:\/\/etrofit.ch\/fr\/wp-json\/wp\/v2\/types\/page"}],"author":[{"embeddable":true,"href":"https:\/\/etrofit.ch\/fr\/wp-json\/wp\/v2\/users\/1"}],"replies":[{"embeddable":true,"href":"https:\/\/etrofit.ch\/fr\/wp-json\/wp\/v2\/comments?post=13"}],"version-history":[{"count":67,"href":"https:\/\/etrofit.ch\/fr\/wp-json\/wp\/v2\/pages\/13\/revisions"}],"predecessor-version":[{"id":355,"href":"https:\/\/etrofit.ch\/fr\/wp-json\/wp\/v2\/pages\/13\/revisions\/355"}],"wp:attachment":[{"href":"https:\/\/etrofit.ch\/fr\/wp-json\/wp\/v2\/media?parent=13"}],"curies":[{"name":"wp","href":"https:\/\/api.w.org\/{rel}","templated":true}]}}