{"id":399,"date":"2022-01-17T14:39:10","date_gmt":"2022-01-17T13:39:10","guid":{"rendered":"https:\/\/etrofit.ch\/fr\/?page_id=399"},"modified":"2022-08-08T16:41:37","modified_gmt":"2022-08-08T14:41:37","slug":"ble-beacons","status":"publish","type":"page","link":"https:\/\/etrofit.ch\/fr\/ble-beacons\/","title":{"rendered":"BLE Beacons"},"content":{"rendered":"<p>[et_pb_section fb_built=\u00a0\u00bb1&Prime; _builder_version=\u00a0\u00bb4.16&Prime; _module_preset=\u00a0\u00bbdefault\u00a0\u00bb global_colors_info=\u00a0\u00bb{}\u00a0\u00bb][et_pb_row _builder_version=\u00a0\u00bb4.16&Prime; _module_preset=\u00a0\u00bbdefault\u00a0\u00bb hover_enabled=\u00a0\u00bb0&Prime; global_colors_info=\u00a0\u00bb{}\u00a0\u00bb sticky_enabled=\u00a0\u00bb0&Prime;][et_pb_column type=\u00a0\u00bb4_4&Prime; _builder_version=\u00a0\u00bb4.16&Prime; _module_preset=\u00a0\u00bbdefault\u00a0\u00bb global_colors_info=\u00a0\u00bb{}\u00a0\u00bb][et_pb_text _builder_version=\u00a0\u00bb4.17.6&Prime; _module_preset=\u00a0\u00bbdefault\u00a0\u00bb background_color=\u00a0\u00bb#0C71C3&Prime; text_text_color=\u00a0\u00bb#FFFFFF\u00a0\u00bb header_text_color=\u00a0\u00bb#FFFFFF\u00a0\u00bb header_text_align=\u00a0\u00bbcenter\u00a0\u00bb border_width_all=\u00a0\u00bb10px\u00a0\u00bb border_color_all=\u00a0\u00bb#0C71C3&Prime; hover_enabled=\u00a0\u00bb0&Prime; sticky_enabled=\u00a0\u00bb0&Prime;]<\/p>\n<h1><strong>D\u00e9couvrez comment et pourquoi, les beacons peuvent s\u2019int\u00e9grer facilement \u00e0 vos solutions.<\/strong><\/h1>\n<p>[\/et_pb_text][et_pb_accordion _builder_version=\u00a0\u00bb4.17.6&Prime; _module_preset=\u00a0\u00bbdefault\u00a0\u00bb hover_enabled=\u00a0\u00bb0&Prime; sticky_enabled=\u00a0\u00bb0&Prime;][et_pb_accordion_item title=\u00a0\u00bbQu&rsquo;est-ce qu&rsquo;un beacon BLE\u00a0\u00bb _builder_version=\u00a0\u00bb4.17.6&Prime; _module_preset=\u00a0\u00bbdefault\u00a0\u00bb open=\u00a0\u00bbon\u00a0\u00bb hover_enabled=\u00a0\u00bb0&Prime; sticky_enabled=\u00a0\u00bb0&Prime;]Un beacon se pr\u00e9sente sous la forme d\u2019une petite balise sans fil autonome, capable d\u2019\u00e9mettre un message radio jusqu\u2019\u00e0 500m et qui peut atteindre une dur\u00e9e de vie de 20 ans. <\/p>\n<p>Il est utilis\u00e9 pour localiser un objet et surveiller \u00e0 distance diverses informations comme la temp\u00e9rature, l\u2019humidit\u00e9, etc. <\/p>\n<p>Le beacon fonctionne de la mani\u00e8re suivante, il \u00e9met un message \u00e0 intervalle r\u00e9guli\u00e8re qui sera r\u00e9ceptionn\u00e9 par divers r\u00e9cepteurs BLE \u00e0 proximit\u00e9 (ex : smartphones, bo\u00eetiers GPS ou passerelles) pour \u00eatre ensuite retransmis \u00e0 nos serveurs.<\/p>\n<p>L\u2019utilisation des beacons renforce la s\u00e9curit\u00e9 des biens et des personnes. Ils permettent d\u2019avoir une visibilit\u00e9 en temps r\u00e9el sur l\u2019\u00e9tat du parc mat\u00e9riel, de simplifier les recherches, de surveiller les temp\u00e9ratures \u00e0 distance et par cons\u00e9quent r\u00e9duisent les pertes de temps des op\u00e9rateurs.<br \/>\nC\u2019est une solution \u00e9conomique et facile \u00e0 mettre en \u0153uvre.<\/p>\n<p>De nombreux fabricants sont d\u00e9j\u00e0 pris en charge dans notre solution : ELA Innovation, Bosch TrackMyTools, Caterpillar Equipment Management, Hilti ON!Track, Milwaukee TICK, STIHL Smart Connector, Apple iBeacon, Google Eddystone, Husqvarna Connect.<\/p>\n<p>\u00c9tant donn\u00e9 que d\u2019autres fabricants ajouteront les BLE Beacons \u00e0 l\u2019avenir, nous avons d\u00e9velopp\u00e9 notre plateforme Etrof IT de mani\u00e8re \u00e0 pouvoir les ajouter \u00e0 tout moment.[\/et_pb_accordion_item][\/et_pb_accordion][\/et_pb_column][\/et_pb_row][et_pb_row _builder_version=\u00a0\u00bb4.17.6&Prime; _module_preset=\u00a0\u00bbdefault\u00a0\u00bb][et_pb_column _builder_version=\u00a0\u00bb4.17.6&Prime; _module_preset=\u00a0\u00bbdefault\u00a0\u00bb type=\u00a0\u00bb4_4&Prime;][et_pb_accordion _builder_version=\u00a0\u00bb4.17.6&Prime; _module_preset=\u00a0\u00bbdefault\u00a0\u00bb hover_enabled=\u00a0\u00bb0&Prime; sticky_enabled=\u00a0\u00bb0&Prime;][et_pb_accordion_item title=\u00a0\u00bbG\u00e9olocalisation d&rsquo;outillages\u00a0\u00bb _builder_version=\u00a0\u00bb4.17.6&Prime; _module_preset=\u00a0\u00bbdefault\u00a0\u00bb open=\u00a0\u00bbon\u00a0\u00bb hover_enabled=\u00a0\u00bb0&Prime; sticky_enabled=\u00a0\u00bb0&Prime;]Am\u00e9liorez et s\u00e9curisez la gestion du parc d\u2019outillages gr\u00e2ce aux beacons. En utilisant une solution de g\u00e9olocalisation des \u00e9quipements, il devient plus facile de g\u00e9rer leur affectation et leur inventaire sur les diff\u00e9rents chantiers.[\/et_pb_accordion_item][et_pb_accordion_item title=\u00a0\u00bbLa g\u00e9olocalisation d&rsquo;outillages, qu&rsquo;est-ce que c&rsquo;est ?\u00a0\u00bb _builder_version=\u00a0\u00bb4.17.6&Prime; _module_preset=\u00a0\u00bbdefault\u00a0\u00bb open=\u00a0\u00bboff\u00a0\u00bb hover_enabled=\u00a0\u00bb0&Prime; sticky_enabled=\u00a0\u00bb0&Prime;]Dans le secteur de la construction, la gestion du parc mat\u00e9riel repr\u00e9sente un enjeu majeur. En effet, les outillages de chantier sont des \u00e9quipements \u00e0 forte valeur et leur mauvaise gestion peut engendrer des surco\u00fbts non-n\u00e9gligeables. Les \u00e9quipements sont souvent r\u00e9partis sur diff\u00e9rents chantiers et utilis\u00e9s par de nombreuses personnes, pouvant provoquer des pertes et des vols.[\/et_pb_accordion_item][et_pb_accordion_item title=\u00a0\u00bbComment fonctionne la g\u00e9olocalisation d&rsquo;outillages de chantier ?\u00a0\u00bb _builder_version=\u00a0\u00bb4.17.6&Prime; _module_preset=\u00a0\u00bbdefault\u00a0\u00bb hover_enabled=\u00a0\u00bb0&Prime; sticky_enabled=\u00a0\u00bb0&Prime;]Les \u00e9quipements \u00e0 g\u00e9olocaliser vont \u00eatre \u00e9quip\u00e9s de beacons qui vont \u00e9mettre \u00e0 intervalles r\u00e9guliers des message radio. Ces messages vont \u00eatre capt\u00e9s par des r\u00e9cepteurs BLE \u00e0 proximit\u00e9 (ex : smartphones, bo\u00eetiers GPS ou passerelles). Les informations vont alors \u00eatre transmises \u00e0 nos serveurs et l\u2019utilisateur final va pouvoir consulter les donn\u00e9es en temps r\u00e9el sur la plateforme Etrof IT.[\/et_pb_accordion_item][\/et_pb_accordion][\/et_pb_column][\/et_pb_row][et_pb_row _builder_version=\u00a0\u00bb4.17.6&Prime; _module_preset=\u00a0\u00bbdefault\u00a0\u00bb][et_pb_column _builder_version=\u00a0\u00bb4.17.6&Prime; _module_preset=\u00a0\u00bbdefault\u00a0\u00bb type=\u00a0\u00bb4_4&Prime;][et_pb_accordion _builder_version=\u00a0\u00bb4.17.6&Prime; _module_preset=\u00a0\u00bbdefault\u00a0\u00bb hover_enabled=\u00a0\u00bb0&Prime; sticky_enabled=\u00a0\u00bb0&Prime;][et_pb_accordion_item title=\u00a0\u00bbSurveillance de la temp\u00e9rature \u00e0 distance\u00a0\u00bb _builder_version=\u00a0\u00bb4.17.6&Prime; _module_preset=\u00a0\u00bbdefault\u00a0\u00bb open=\u00a0\u00bbon\u00a0\u00bb hover_enabled=\u00a0\u00bb0&Prime; sticky_enabled=\u00a0\u00bb0&Prime;]Supervisez et s\u00e9curisez les marchandises thermosensibles gr\u00e2ce aux beacons \u00e9quip\u00e9s de sonde de temp\u00e9rature. Pour fiabiliser la tra\u00e7abilit\u00e9 de la cha\u00eene du froid et s\u2019assurer d\u2019\u00eatre en conformit\u00e9 avec la r\u00e9glementation en vigueur, il est n\u00e9cessaire de s\u2019\u00e9quiper de solution de contr\u00f4le de la temp\u00e9rature.[\/et_pb_accordion_item][et_pb_accordion_item title=\u00a0\u00bbLa surveillance de temp\u00e9rature \u00e0 distance, qu&rsquo;est-ce que c&rsquo;est ?\u00a0\u00bb _builder_version=\u00a0\u00bb4.17.6&Prime; _module_preset=\u00a0\u00bbdefault\u00a0\u00bb open=\u00a0\u00bboff\u00a0\u00bb hover_enabled=\u00a0\u00bb0&Prime; sticky_enabled=\u00a0\u00bb0&Prime;]Le respect de la cha\u00eene du froid est un enjeu majeur que ce soit pour des raisons de sant\u00e9 publique ou pour des raisons \u00e9conomiques. Les marchandises thermosensibles sont soumises \u00e0 de nombreuses normes et r\u00e9glementations (par exemple les normes EN12830 et EN13486). La rupture de la cha\u00eene du froid peut avoir de lourdes r\u00e9percutions, elle n\u00e9cessite d\u2019\u00eatre contr\u00f4l\u00e9e pr\u00e9cis\u00e9ment et tr\u00e8s r\u00e9guli\u00e8rement.<br \/>\nPour r\u00e9pondre \u00e0 ce challenge et permettre de s\u00e9curiser vos marchandises, nous vous conseillons la surveillance de temp\u00e9rature \u00e0 distance, gr\u00e2ce aux capteurs Bluetooth Low Energy ELA Innovation.<br \/>\n[\/et_pb_accordion_item][et_pb_accordion_item title=\u00a0\u00bbComment fonctionne la surveillance de temp\u00e9rature \u00e0 distance ?\u00a0\u00bb _builder_version=\u00a0\u00bb4.17.6&Prime; _module_preset=\u00a0\u00bbdefault\u00a0\u00bb hover_enabled=\u00a0\u00bb0&Prime; sticky_enabled=\u00a0\u00bb0&Prime;]Les beacons \u00e9quip\u00e9s de sonde de temp\u00e9rature peuvent \u00eatre fix\u00e9s \u00e0 diff\u00e9rents endroits comme \u00e0 l\u2019int\u00e9rieur d\u2019une remorque frigorifique, une bo\u00eete de transport isotherme, une chambre froide ou encore une vitrine r\u00e9frig\u00e9r\u00e9e. Les beacons vont mesurer et enregistrer la temp\u00e9rature de mani\u00e8re 100% autonome puis la transmettre au divers r\u00e9cepteurs BLE \u00e0 proximit\u00e9 (ex : smartphones, bo\u00eetiers GPS ou passerelles).<br \/>\nLes informations vont alors \u00eatre transmises \u00e0 nos serveurs. L\u2019utilisateur final va pouvoir consulter les donn\u00e9es en temps r\u00e9el et visualiser l\u2019historique des variations sous forme de graphiques sur notre plateforme Etrof IT.<br \/>\nIl est \u00e9galement possible de d\u00e9finir des seuils d\u2019alerte via la plateforme. Dans ce cas, lorsque la temp\u00e9rature va d\u00e9passer le seuil pr\u00e9alablement fix\u00e9, une alerte sera envoy\u00e9e en temps r\u00e9el.[\/et_pb_accordion_item][\/et_pb_accordion][\/et_pb_column][\/et_pb_row][et_pb_row _builder_version=\u00a0\u00bb4.17.6&Prime; _module_preset=\u00a0\u00bbdefault\u00a0\u00bb hover_enabled=\u00a0\u00bb0&Prime; sticky_enabled=\u00a0\u00bb0&Prime;][et_pb_column _builder_version=\u00a0\u00bb4.17.6&Prime; _module_preset=\u00a0\u00bbdefault\u00a0\u00bb type=\u00a0\u00bb4_4&Prime;][et_pb_slider _builder_version=\u00a0\u00bb4.17.6&Prime; _module_preset=\u00a0\u00bbdefault\u00a0\u00bb header_text_color=\u00a0\u00bb#FFFFFF\u00a0\u00bb header_font=\u00a0\u00bb|600|||||||\u00a0\u00bb header_font_size=\u00a0\u00bb42px\u00a0\u00bb body_font_size=\u00a0\u00bb18px\u00a0\u00bb hover_enabled=\u00a0\u00bb0&Prime; sticky_enabled=\u00a0\u00bb0&Prime; border_style_all=\u00a0\u00bbnone\u00a0\u00bb][et_pb_slide heading=\u00a0\u00bb100% autonomes\u00a0\u00bb _builder_version=\u00a0\u00bb4.17.6&Prime; _module_preset=\u00a0\u00bbdefault\u00a0\u00bb hover_enabled=\u00a0\u00bb0&Prime; sticky_enabled=\u00a0\u00bb0&Prime;]<\/p>\n<p>Leur fonctionnement sur batterie offre une forte autonomie pouvant selon les mod\u00e8les atteindre 20 ans garantissant un co\u00fbt total d\u2019acquisition comp\u00e9titif.<\/p>\n<p>[\/et_pb_slide][et_pb_slide heading=\u00a0\u00bbInstallation simple et rapide\u00a0\u00bb _builder_version=\u00a0\u00bb4.17.6&Prime; _module_preset=\u00a0\u00bbdefault\u00a0\u00bb hover_enabled=\u00a0\u00bb0&Prime; sticky_enabled=\u00a0\u00bb0&Prime;]<\/p>\n<p>Ultra simples \u00e0 installer gr\u00e2ce aux diff\u00e9rents moyens de fixation (sticker double-face ou support pouvant \u00eatre viss\u00e9), ces beacons peuvent \u00eatre fix\u00e9s sur tout type de surface et ne n\u00e9cessitent aucun c\u00e2blage.<\/p>\n<p>[\/et_pb_slide][et_pb_slide heading=\u00a0\u00bbRobustes et compacts\u00a0\u00bb _builder_version=\u00a0\u00bb4.17.6&Prime; _module_preset=\u00a0\u00bbdefault\u00a0\u00bb hover_enabled=\u00a0\u00bb0&Prime; sticky_enabled=\u00a0\u00bb0&Prime;]<\/p>\n<p>Le boitier industriel de ces beacons a \u00e9t\u00e9 con\u00e7u pour \u00eatre utilis\u00e9 dans des conditions extr\u00eames et r\u00e9sister aux chocs et vibrations.<\/p>\n<p>[\/et_pb_slide][et_pb_slide heading=\u00a0\u00bbG\u00e9olocalisation en temps r\u00e9el\u00a0\u00bb _builder_version=\u00a0\u00bb4.17.6&Prime; _module_preset=\u00a0\u00bbdefault\u00a0\u00bb hover_enabled=\u00a0\u00bb0&Prime; sticky_enabled=\u00a0\u00bb0&Prime;]<\/p>\n<p>Il est possible de suivre et localiser en temps r\u00e9el les \u00e9quipements permettant d\u2019analyser leurs d\u00e9placements et de pouvoir les retrouver facilement.<\/p>\n<p>[\/et_pb_slide][et_pb_slide heading=\u00a0\u00bbHaute pr\u00e9cision de localisation\u00a0\u00bb _builder_version=\u00a0\u00bb4.17.6&Prime; _module_preset=\u00a0\u00bbdefault\u00a0\u00bb hover_enabled=\u00a0\u00bb0&Prime; sticky_enabled=\u00a0\u00bb0&Prime;]<\/p>\n<p>Les technologies de localisation utilis\u00e9es offrent une excellente pr\u00e9cision de localisation. Parfait pour localiser de gros engins de chantier comme de petits outils.<\/p>\n<p>[\/et_pb_slide][et_pb_slide heading=\u00a0\u00bbLarge plage de mesure\u00a0\u00bb _builder_version=\u00a0\u00bb4.17.6&Prime; _module_preset=\u00a0\u00bbdefault\u00a0\u00bb hover_enabled=\u00a0\u00bb0&Prime; sticky_enabled=\u00a0\u00bb0&Prime;]<\/p>\n<p>Une plage de mesure allant de -40 \u00b0C \u00e0 +85 \u00b0C avec la sonde interne et de -80 \u00b0C \u00e0 +200 \u00b0C avec la sonde externe, ces beacons couvrent les principaux besoins en mati\u00e8re de surveillance de marchandises thermosensibles.<\/p>\n<p>[\/et_pb_slide][et_pb_slide heading=\u00a0\u00bbCertifi\u00e9 EN12830 &#8211; 2018&Prime; _builder_version=\u00a0\u00bb4.17.6&Prime; _module_preset=\u00a0\u00bbdefault\u00a0\u00bb hover_enabled=\u00a0\u00bb0&Prime; sticky_enabled=\u00a0\u00bb0&Prime;]Les beacons \u00e9quip\u00e9s de sonde de temp\u00e9rature sont certifi\u00e9s COFRAC (EN12830 \u2013 2018) attestant de leur pr\u00e9cision et de leur calibration selon des \u00e9talons conformes \u00e0 la r\u00e9glementation. Cette certification est valable \u00e0 l\u2019\u00e9chelle internationale.[\/et_pb_slide][\/et_pb_slider][\/et_pb_column][\/et_pb_row][\/et_pb_section]<\/p>\n","protected":false},"excerpt":{"rendered":"<p>D\u00e9couvrez comment et pourquoi, les beacons peuvent s\u2019int\u00e9grer facilement \u00e0 vos solutions.Un beacon se pr\u00e9sente sous la forme d\u2019une petite balise sans fil autonome, capable d\u2019\u00e9mettre un message radio jusqu\u2019\u00e0 500m et qui peut atteindre une dur\u00e9e de vie de 20 ans. Il est utilis\u00e9 pour localiser un objet et surveiller \u00e0 distance diverses informations [&hellip;]<\/p>\n","protected":false},"author":1,"featured_media":0,"parent":0,"menu_order":0,"comment_status":"closed","ping_status":"closed","template":"","meta":{"_et_pb_use_builder":"on","_et_pb_old_content":"","_et_gb_content_width":"","footnotes":""},"class_list":["post-399","page","type-page","status-publish","hentry"],"yoast_head":"<!-- This site is optimized with the Yoast SEO plugin v27.4 - https:\/\/yoast.com\/product\/yoast-seo-wordpress\/ -->\n<title>BLE Beacons - Etrof IT S\u00e0rl<\/title>\n<meta name=\"robots\" content=\"index, follow, max-snippet:-1, max-image-preview:large, max-video-preview:-1\" \/>\n<link rel=\"canonical\" href=\"https:\/\/etrofit.ch\/fr\/ble-beacons\/\" \/>\n<meta property=\"og:locale\" content=\"fr_FR\" \/>\n<meta property=\"og:type\" content=\"article\" \/>\n<meta property=\"og:title\" content=\"BLE Beacons - Etrof IT S\u00e0rl\" \/>\n<meta property=\"og:description\" content=\"D\u00e9couvrez comment et pourquoi, les beacons peuvent s\u2019int\u00e9grer facilement \u00e0 vos solutions.Un beacon se pr\u00e9sente sous la forme d\u2019une petite balise sans fil autonome, capable d\u2019\u00e9mettre un message radio jusqu\u2019\u00e0 500m et qui peut atteindre une dur\u00e9e de vie de 20 ans. Il est utilis\u00e9 pour localiser un objet et surveiller \u00e0 distance diverses informations [&hellip;]\" \/>\n<meta property=\"og:url\" content=\"https:\/\/etrofit.ch\/fr\/ble-beacons\/\" \/>\n<meta property=\"og:site_name\" content=\"Etrof IT S\u00e0rl\" \/>\n<meta property=\"article:modified_time\" content=\"2022-08-08T14:41:37+00:00\" \/>\n<meta name=\"twitter:card\" content=\"summary_large_image\" \/>\n<script type=\"application\/ld+json\" class=\"yoast-schema-graph\">{\"@context\":\"https:\\\/\\\/schema.org\",\"@graph\":[{\"@type\":\"WebPage\",\"@id\":\"https:\\\/\\\/etrofit.ch\\\/fr\\\/ble-beacons\\\/\",\"url\":\"https:\\\/\\\/etrofit.ch\\\/fr\\\/ble-beacons\\\/\",\"name\":\"BLE Beacons - Etrof IT S\u00e0rl\",\"isPartOf\":{\"@id\":\"https:\\\/\\\/etrofit.ch\\\/fr\\\/#website\"},\"datePublished\":\"2022-01-17T13:39:10+00:00\",\"dateModified\":\"2022-08-08T14:41:37+00:00\",\"breadcrumb\":{\"@id\":\"https:\\\/\\\/etrofit.ch\\\/fr\\\/ble-beacons\\\/#breadcrumb\"},\"inLanguage\":\"fr-FR\",\"potentialAction\":[{\"@type\":\"ReadAction\",\"target\":[\"https:\\\/\\\/etrofit.ch\\\/fr\\\/ble-beacons\\\/\"]}]},{\"@type\":\"BreadcrumbList\",\"@id\":\"https:\\\/\\\/etrofit.ch\\\/fr\\\/ble-beacons\\\/#breadcrumb\",\"itemListElement\":[{\"@type\":\"ListItem\",\"position\":1,\"name\":\"Accueil\",\"item\":\"https:\\\/\\\/etrofit.ch\\\/fr\\\/\"},{\"@type\":\"ListItem\",\"position\":2,\"name\":\"BLE Beacons\"}]},{\"@type\":\"WebSite\",\"@id\":\"https:\\\/\\\/etrofit.ch\\\/fr\\\/#website\",\"url\":\"https:\\\/\\\/etrofit.ch\\\/fr\\\/\",\"name\":\"Etrof IT S\u00e0rl\",\"description\":\"Un aper\u00e7u intelligent de vos actifs mobiles, conducteurs et v\u00e9hicules. Gardez un oeil sur votre entreprise o\u00f9 que vous soyez.\",\"potentialAction\":[{\"@type\":\"SearchAction\",\"target\":{\"@type\":\"EntryPoint\",\"urlTemplate\":\"https:\\\/\\\/etrofit.ch\\\/fr\\\/?s={search_term_string}\"},\"query-input\":{\"@type\":\"PropertyValueSpecification\",\"valueRequired\":true,\"valueName\":\"search_term_string\"}}],\"inLanguage\":\"fr-FR\"}]}<\/script>\n<!-- \/ Yoast SEO plugin. -->","yoast_head_json":{"title":"BLE Beacons - Etrof IT S\u00e0rl","robots":{"index":"index","follow":"follow","max-snippet":"max-snippet:-1","max-image-preview":"max-image-preview:large","max-video-preview":"max-video-preview:-1"},"canonical":"https:\/\/etrofit.ch\/fr\/ble-beacons\/","og_locale":"fr_FR","og_type":"article","og_title":"BLE Beacons - Etrof IT S\u00e0rl","og_description":"D\u00e9couvrez comment et pourquoi, les beacons peuvent s\u2019int\u00e9grer facilement \u00e0 vos solutions.Un beacon se pr\u00e9sente sous la forme d\u2019une petite balise sans fil autonome, capable d\u2019\u00e9mettre un message radio jusqu\u2019\u00e0 500m et qui peut atteindre une dur\u00e9e de vie de 20 ans. Il est utilis\u00e9 pour localiser un objet et surveiller \u00e0 distance diverses informations [&hellip;]","og_url":"https:\/\/etrofit.ch\/fr\/ble-beacons\/","og_site_name":"Etrof IT S\u00e0rl","article_modified_time":"2022-08-08T14:41:37+00:00","twitter_card":"summary_large_image","schema":{"@context":"https:\/\/schema.org","@graph":[{"@type":"WebPage","@id":"https:\/\/etrofit.ch\/fr\/ble-beacons\/","url":"https:\/\/etrofit.ch\/fr\/ble-beacons\/","name":"BLE Beacons - Etrof IT S\u00e0rl","isPartOf":{"@id":"https:\/\/etrofit.ch\/fr\/#website"},"datePublished":"2022-01-17T13:39:10+00:00","dateModified":"2022-08-08T14:41:37+00:00","breadcrumb":{"@id":"https:\/\/etrofit.ch\/fr\/ble-beacons\/#breadcrumb"},"inLanguage":"fr-FR","potentialAction":[{"@type":"ReadAction","target":["https:\/\/etrofit.ch\/fr\/ble-beacons\/"]}]},{"@type":"BreadcrumbList","@id":"https:\/\/etrofit.ch\/fr\/ble-beacons\/#breadcrumb","itemListElement":[{"@type":"ListItem","position":1,"name":"Accueil","item":"https:\/\/etrofit.ch\/fr\/"},{"@type":"ListItem","position":2,"name":"BLE Beacons"}]},{"@type":"WebSite","@id":"https:\/\/etrofit.ch\/fr\/#website","url":"https:\/\/etrofit.ch\/fr\/","name":"Etrof IT S\u00e0rl","description":"Un aper\u00e7u intelligent de vos actifs mobiles, conducteurs et v\u00e9hicules. Gardez un oeil sur votre entreprise o\u00f9 que vous soyez.","potentialAction":[{"@type":"SearchAction","target":{"@type":"EntryPoint","urlTemplate":"https:\/\/etrofit.ch\/fr\/?s={search_term_string}"},"query-input":{"@type":"PropertyValueSpecification","valueRequired":true,"valueName":"search_term_string"}}],"inLanguage":"fr-FR"}]}},"_links":{"self":[{"href":"https:\/\/etrofit.ch\/fr\/wp-json\/wp\/v2\/pages\/399","targetHints":{"allow":["GET"]}}],"collection":[{"href":"https:\/\/etrofit.ch\/fr\/wp-json\/wp\/v2\/pages"}],"about":[{"href":"https:\/\/etrofit.ch\/fr\/wp-json\/wp\/v2\/types\/page"}],"author":[{"embeddable":true,"href":"https:\/\/etrofit.ch\/fr\/wp-json\/wp\/v2\/users\/1"}],"replies":[{"embeddable":true,"href":"https:\/\/etrofit.ch\/fr\/wp-json\/wp\/v2\/comments?post=399"}],"version-history":[{"count":5,"href":"https:\/\/etrofit.ch\/fr\/wp-json\/wp\/v2\/pages\/399\/revisions"}],"predecessor-version":[{"id":426,"href":"https:\/\/etrofit.ch\/fr\/wp-json\/wp\/v2\/pages\/399\/revisions\/426"}],"wp:attachment":[{"href":"https:\/\/etrofit.ch\/fr\/wp-json\/wp\/v2\/media?parent=399"}],"curies":[{"name":"wp","href":"https:\/\/api.w.org\/{rel}","templated":true}]}}