{"id":9,"date":"2020-05-04T12:06:24","date_gmt":"2020-05-04T10:06:24","guid":{"rendered":"https:\/\/etrofit.ch\/fr\/?page_id=9"},"modified":"2020-05-20T11:55:41","modified_gmt":"2020-05-20T09:55:41","slug":"home","status":"publish","type":"page","link":"https:\/\/etrofit.ch\/fr\/","title":{"rendered":"Accueil"},"content":{"rendered":"<p>[et_pb_section fb_built=\u00a0\u00bb1&Prime; _builder_version=\u00a0\u00bb4.4.6&Prime;][et_pb_row _builder_version=\u00a0\u00bb4.4.6&Prime;][et_pb_column type=\u00a0\u00bb4_4&Prime; _builder_version=\u00a0\u00bb4.4.6&Prime;][et_pb_text _builder_version=\u00a0\u00bb4.4.6&Prime;]<\/p>\n<h1 style=\"text-align: center;\"><strong>La\u00a0solution de suivi qui vous convient<\/strong><\/h1>\n<p>[\/et_pb_text][\/et_pb_column][\/et_pb_row][et_pb_row _builder_version=\u00a0\u00bb4.4.6&Prime;][et_pb_column type=\u00a0\u00bb4_4&Prime; _builder_version=\u00a0\u00bb4.4.6&Prime;][et_pb_slider use_bg_overlay=\u00a0\u00bbon\u00a0\u00bb use_text_overlay=\u00a0\u00bbon\u00a0\u00bb text_overlay_color=\u00a0\u00bbrgba(0,0,0,0.5)\u00a0\u00bb text_border_radius=\u00a0\u00bb25px\u00a0\u00bb _builder_version=\u00a0\u00bb4.4.6&Prime; header_font=\u00a0\u00bb|600|||||||\u00a0\u00bb custom_button=\u00a0\u00bbon\u00a0\u00bb button_bg_color=\u00a0\u00bbrgba(0,0,0,0.5)\u00a0\u00bb button_font=\u00a0\u00bb|600|||||||\u00a0\u00bb auto=\u00a0\u00bbon\u00a0\u00bb auto_speed=\u00a0\u00bb5000&Prime; auto_ignore_hover=\u00a0\u00bbon\u00a0\u00bb][et_pb_slide heading=\u00a0\u00bbEtrof IT\u00a0\u00bb button_text=\u00a0\u00bbEN SAVOIR PLUS\u00a0\u00bb button_link=\u00a0\u00bbhttps:\/\/etrofit.ch\/fr\/how-it-works\/\u00a0\u00bb _builder_version=\u00a0\u00bb4.4.6&Prime; background_image=\u00a0\u00bbhttps:\/\/etrofit.ch\/fr\/wp-content\/uploads\/sites\/5\/2020\/05\/banniere_map.png\u00a0\u00bb background_enable_image=\u00a0\u00bbon\u00a0\u00bb]<strong>Suivi des objets et v\u00e9hicules du bout des doigts, utilisez le suivi en direct Etrof IT pour visualiser vos objets et v\u00e9hicules en temps r\u00e9el, \u00e0 tout moment, depuis n&rsquo;importe quel appareil.<\/strong><br \/>\n<strong> Aucun logiciel suppl\u00e9mentaire n&rsquo;est n\u00e9cessaire tout est accessible depuis internet.<\/strong><\/p>\n<p><strong>Localisez vos objets et v\u00e9hicules 24\/7<\/strong><br \/>\n<strong> Suivez-les sur Google Maps<\/strong><br \/>\n<strong> Analysez leur activit\u00e9 quotidienne<\/strong>[\/et_pb_slide][et_pb_slide heading=\u00a0\u00bbObjets\u00a0\u00bb button_text=\u00a0\u00bbEN SAVOIR PLUS\u00a0\u00bb button_link=\u00a0\u00bbhttps:\/\/etrofit.ch\/fr\/how-it-works\/\u00a0\u00bb admin_title=\u00a0\u00bbObjets\u00a0\u00bb _builder_version=\u00a0\u00bb4.4.6&Prime; background_image=\u00a0\u00bbhttps:\/\/etrofit.ch\/fr\/wp-content\/uploads\/sites\/5\/2020\/05\/banniere_objets.png\u00a0\u00bb background_enable_image=\u00a0\u00bbon\u00a0\u00bb]<\/p>\n<p>Your content goes here. Edit or remove this text inline or in the module Content settings. You can also style every aspect of this content in the module Design settings and even apply custom CSS to this text in the module Advanced settings.<\/p>\n<p>[\/et_pb_slide][et_pb_slide heading=\u00a0\u00bbMotocycle\u00a0\u00bb button_text=\u00a0\u00bbEN SAVOIR PLUS\u00a0\u00bb button_link=\u00a0\u00bbhttps:\/\/etrofit.ch\/fr\/how-it-works\/\u00a0\u00bb admin_title=\u00a0\u00bbMotocycle\u00a0\u00bb _builder_version=\u00a0\u00bb4.4.6&Prime; background_image=\u00a0\u00bbhttps:\/\/etrofit.ch\/fr\/wp-content\/uploads\/sites\/5\/2020\/05\/banniere_moto.png\u00a0\u00bb background_enable_image=\u00a0\u00bbon\u00a0\u00bb]<\/p>\n<p>Your content goes here. Edit or remove this text inline or in the module Content settings. You can also style every aspect of this content in the module Design settings and even apply custom CSS to this text in the module Advanced settings.<\/p>\n<p>[\/et_pb_slide][et_pb_slide heading=\u00a0\u00bbVoiture de tourisme\u00a0\u00bb button_text=\u00a0\u00bbEN SAVOIR PLUS\u00a0\u00bb button_link=\u00a0\u00bbhttps:\/\/etrofit.ch\/fr\/how-it-works\/\u00a0\u00bb admin_title=\u00a0\u00bbVoiture de tourisme\u00a0\u00bb _builder_version=\u00a0\u00bb4.4.6&Prime; background_image=\u00a0\u00bbhttps:\/\/etrofit.ch\/fr\/wp-content\/uploads\/sites\/5\/2020\/05\/banniere_voiture.png\u00a0\u00bb background_enable_image=\u00a0\u00bbon\u00a0\u00bb]<\/p>\n<p>Your content goes here. Edit or remove this text inline or in the module Content settings. You can also style every aspect of this content in the module Design settings and even apply custom CSS to this text in the module Advanced settings.<\/p>\n<p>[\/et_pb_slide][et_pb_slide heading=\u00a0\u00bbVoiture de livraison\u00a0\u00bb button_text=\u00a0\u00bbEN SAVOIR PLUS\u00a0\u00bb button_link=\u00a0\u00bbhttps:\/\/etrofit.ch\/fr\/how-it-works\/\u00a0\u00bb admin_title=\u00a0\u00bbVoiture de livraison\u00a0\u00bb _builder_version=\u00a0\u00bb4.4.6&Prime; background_image=\u00a0\u00bbhttps:\/\/etrofit.ch\/fr\/wp-content\/uploads\/sites\/5\/2020\/05\/banniere_livraison.png\u00a0\u00bb background_enable_image=\u00a0\u00bbon\u00a0\u00bb]<\/p>\n<p>Your content goes here. Edit or remove this text inline or in the module Content settings. You can also style every aspect of this content in the module Design settings and even apply custom CSS to this text in the module Advanced settings.<\/p>\n<p>[\/et_pb_slide][et_pb_slide heading=\u00a0\u00bbMachine de travail\u00a0\u00bb button_text=\u00a0\u00bbEN SAVOIR PLUS\u00a0\u00bb button_link=\u00a0\u00bbhttps:\/\/etrofit.ch\/fr\/how-it-works\/\u00a0\u00bb admin_title=\u00a0\u00bbMachine de travail\u00a0\u00bb _builder_version=\u00a0\u00bb4.4.6&Prime; background_image=\u00a0\u00bbhttps:\/\/etrofit.ch\/fr\/wp-content\/uploads\/sites\/5\/2020\/05\/banniere_chantier.png\u00a0\u00bb background_enable_image=\u00a0\u00bbon\u00a0\u00bb]<\/p>\n<p>Your content goes here. Edit or remove this text inline or in the module Content settings. You can also style every aspect of this content in the module Design settings and even apply custom CSS to this text in the module Advanced settings.<\/p>\n<p>[\/et_pb_slide][et_pb_slide heading=\u00a0\u00bbCamion\u00a0\u00bb button_text=\u00a0\u00bbEN SAVOIR PLUS\u00a0\u00bb button_link=\u00a0\u00bbhttps:\/\/etrofit.ch\/fr\/how-it-works\/\u00a0\u00bb admin_title=\u00a0\u00bbCamion\u00a0\u00bb _builder_version=\u00a0\u00bb4.4.6&Prime; background_image=\u00a0\u00bbhttps:\/\/etrofit.ch\/fr\/wp-content\/uploads\/sites\/5\/2020\/05\/banniere_camion.png\u00a0\u00bb background_enable_image=\u00a0\u00bbon\u00a0\u00bb]<\/p>\n<p>Your content goes here. Edit or remove this text inline or in the module Content settings. You can also style every aspect of this content in the module Design settings and even apply custom CSS to this text in the module Advanced settings.<\/p>\n<p>[\/et_pb_slide][\/et_pb_slider][\/et_pb_column][\/et_pb_row][\/et_pb_section]<\/p>\n","protected":false},"excerpt":{"rendered":"<p>La\u00a0solution de suivi qui vous convientSuivi des objets et v\u00e9hicules du bout des doigts, utilisez le suivi en direct Etrof IT pour visualiser vos objets et v\u00e9hicules en temps r\u00e9el, \u00e0 tout moment, depuis n&rsquo;importe quel appareil. Aucun logiciel suppl\u00e9mentaire n&rsquo;est n\u00e9cessaire tout est accessible depuis internet. Localisez vos objets et v\u00e9hicules 24\/7 Suivez-les sur [&hellip;]<\/p>\n","protected":false},"author":1,"featured_media":0,"parent":0,"menu_order":0,"comment_status":"closed","ping_status":"closed","template":"","meta":{"_et_pb_use_builder":"on","_et_pb_old_content":"","_et_gb_content_width":"1080","footnotes":""},"class_list":["post-9","page","type-page","status-publish","hentry"],"yoast_head":"<!-- This site is optimized with the Yoast SEO plugin v27.3 - https:\/\/yoast.com\/product\/yoast-seo-wordpress\/ -->\n<title>Accueil - Etrof IT S\u00e0rl<\/title>\n<meta name=\"robots\" content=\"index, follow, max-snippet:-1, max-image-preview:large, max-video-preview:-1\" \/>\n<link rel=\"canonical\" href=\"https:\/\/etrofit.ch\/fr\/\" \/>\n<meta property=\"og:locale\" content=\"fr_FR\" \/>\n<meta property=\"og:type\" content=\"article\" \/>\n<meta property=\"og:title\" content=\"Accueil - Etrof IT S\u00e0rl\" \/>\n<meta property=\"og:description\" content=\"La\u00a0solution de suivi qui vous convientSuivi des objets et v\u00e9hicules du bout des doigts, utilisez le suivi en direct Etrof IT pour visualiser vos objets et v\u00e9hicules en temps r\u00e9el, \u00e0 tout moment, depuis n&#039;importe quel appareil. Aucun logiciel suppl\u00e9mentaire n&#039;est n\u00e9cessaire tout est accessible depuis internet. Localisez vos objets et v\u00e9hicules 24\/7 Suivez-les sur [&hellip;]\" \/>\n<meta property=\"og:url\" content=\"https:\/\/etrofit.ch\/fr\/\" \/>\n<meta property=\"og:site_name\" content=\"Etrof IT S\u00e0rl\" \/>\n<meta property=\"article:modified_time\" content=\"2020-05-20T09:55:41+00:00\" \/>\n<meta name=\"twitter:card\" content=\"summary_large_image\" \/>\n<meta name=\"twitter:label1\" content=\"Dur\u00e9e de lecture estim\u00e9e\" \/>\n\t<meta name=\"twitter:data1\" content=\"4 minutes\" \/>\n<script type=\"application\/ld+json\" class=\"yoast-schema-graph\">{\"@context\":\"https:\\\/\\\/schema.org\",\"@graph\":[{\"@type\":\"WebPage\",\"@id\":\"https:\\\/\\\/etrofit.ch\\\/fr\\\/\",\"url\":\"https:\\\/\\\/etrofit.ch\\\/fr\\\/\",\"name\":\"Accueil - Etrof IT S\u00e0rl\",\"isPartOf\":{\"@id\":\"https:\\\/\\\/etrofit.ch\\\/fr\\\/#website\"},\"datePublished\":\"2020-05-04T10:06:24+00:00\",\"dateModified\":\"2020-05-20T09:55:41+00:00\",\"breadcrumb\":{\"@id\":\"https:\\\/\\\/etrofit.ch\\\/fr\\\/#breadcrumb\"},\"inLanguage\":\"fr-FR\",\"potentialAction\":[{\"@type\":\"ReadAction\",\"target\":[\"https:\\\/\\\/etrofit.ch\\\/fr\\\/\"]}]},{\"@type\":\"BreadcrumbList\",\"@id\":\"https:\\\/\\\/etrofit.ch\\\/fr\\\/#breadcrumb\",\"itemListElement\":[{\"@type\":\"ListItem\",\"position\":1,\"name\":\"Accueil\",\"item\":\"https:\\\/\\\/etrofit.ch\\\/fr\\\/\"},{\"@type\":\"ListItem\",\"position\":2,\"name\":\"Accueil\"}]},{\"@type\":\"WebSite\",\"@id\":\"https:\\\/\\\/etrofit.ch\\\/fr\\\/#website\",\"url\":\"https:\\\/\\\/etrofit.ch\\\/fr\\\/\",\"name\":\"Etrof IT S\u00e0rl\",\"description\":\"Un aper\u00e7u intelligent de vos actifs mobiles, conducteurs et v\u00e9hicules. Gardez un oeil sur votre entreprise o\u00f9 que vous soyez.\",\"potentialAction\":[{\"@type\":\"SearchAction\",\"target\":{\"@type\":\"EntryPoint\",\"urlTemplate\":\"https:\\\/\\\/etrofit.ch\\\/fr\\\/?s={search_term_string}\"},\"query-input\":{\"@type\":\"PropertyValueSpecification\",\"valueRequired\":true,\"valueName\":\"search_term_string\"}}],\"inLanguage\":\"fr-FR\"}]}<\/script>\n<!-- \/ Yoast SEO plugin. -->","yoast_head_json":{"title":"Accueil - Etrof IT S\u00e0rl","robots":{"index":"index","follow":"follow","max-snippet":"max-snippet:-1","max-image-preview":"max-image-preview:large","max-video-preview":"max-video-preview:-1"},"canonical":"https:\/\/etrofit.ch\/fr\/","og_locale":"fr_FR","og_type":"article","og_title":"Accueil - Etrof IT S\u00e0rl","og_description":"La\u00a0solution de suivi qui vous convientSuivi des objets et v\u00e9hicules du bout des doigts, utilisez le suivi en direct Etrof IT pour visualiser vos objets et v\u00e9hicules en temps r\u00e9el, \u00e0 tout moment, depuis n'importe quel appareil. Aucun logiciel suppl\u00e9mentaire n'est n\u00e9cessaire tout est accessible depuis internet. Localisez vos objets et v\u00e9hicules 24\/7 Suivez-les sur [&hellip;]","og_url":"https:\/\/etrofit.ch\/fr\/","og_site_name":"Etrof IT S\u00e0rl","article_modified_time":"2020-05-20T09:55:41+00:00","twitter_card":"summary_large_image","twitter_misc":{"Dur\u00e9e de lecture estim\u00e9e":"4 minutes"},"schema":{"@context":"https:\/\/schema.org","@graph":[{"@type":"WebPage","@id":"https:\/\/etrofit.ch\/fr\/","url":"https:\/\/etrofit.ch\/fr\/","name":"Accueil - Etrof IT S\u00e0rl","isPartOf":{"@id":"https:\/\/etrofit.ch\/fr\/#website"},"datePublished":"2020-05-04T10:06:24+00:00","dateModified":"2020-05-20T09:55:41+00:00","breadcrumb":{"@id":"https:\/\/etrofit.ch\/fr\/#breadcrumb"},"inLanguage":"fr-FR","potentialAction":[{"@type":"ReadAction","target":["https:\/\/etrofit.ch\/fr\/"]}]},{"@type":"BreadcrumbList","@id":"https:\/\/etrofit.ch\/fr\/#breadcrumb","itemListElement":[{"@type":"ListItem","position":1,"name":"Accueil","item":"https:\/\/etrofit.ch\/fr\/"},{"@type":"ListItem","position":2,"name":"Accueil"}]},{"@type":"WebSite","@id":"https:\/\/etrofit.ch\/fr\/#website","url":"https:\/\/etrofit.ch\/fr\/","name":"Etrof IT S\u00e0rl","description":"Un aper\u00e7u intelligent de vos actifs mobiles, conducteurs et v\u00e9hicules. Gardez un oeil sur votre entreprise o\u00f9 que vous soyez.","potentialAction":[{"@type":"SearchAction","target":{"@type":"EntryPoint","urlTemplate":"https:\/\/etrofit.ch\/fr\/?s={search_term_string}"},"query-input":{"@type":"PropertyValueSpecification","valueRequired":true,"valueName":"search_term_string"}}],"inLanguage":"fr-FR"}]}},"_links":{"self":[{"href":"https:\/\/etrofit.ch\/fr\/wp-json\/wp\/v2\/pages\/9","targetHints":{"allow":["GET"]}}],"collection":[{"href":"https:\/\/etrofit.ch\/fr\/wp-json\/wp\/v2\/pages"}],"about":[{"href":"https:\/\/etrofit.ch\/fr\/wp-json\/wp\/v2\/types\/page"}],"author":[{"embeddable":true,"href":"https:\/\/etrofit.ch\/fr\/wp-json\/wp\/v2\/users\/1"}],"replies":[{"embeddable":true,"href":"https:\/\/etrofit.ch\/fr\/wp-json\/wp\/v2\/comments?post=9"}],"version-history":[{"count":25,"href":"https:\/\/etrofit.ch\/fr\/wp-json\/wp\/v2\/pages\/9\/revisions"}],"predecessor-version":[{"id":279,"href":"https:\/\/etrofit.ch\/fr\/wp-json\/wp\/v2\/pages\/9\/revisions\/279"}],"wp:attachment":[{"href":"https:\/\/etrofit.ch\/fr\/wp-json\/wp\/v2\/media?parent=9"}],"curies":[{"name":"wp","href":"https:\/\/api.w.org\/{rel}","templated":true}]}}